{"id":1424,"date":"2020-10-30T08:51:46","date_gmt":"2020-10-30T07:51:46","guid":{"rendered":"http:\/\/92.244.88.147\/wordpress\/?page_id=1424"},"modified":"2023-09-01T11:40:52","modified_gmt":"2023-09-01T09:40:52","slug":"katalog-informacij-javnega-znacaja","status":"publish","type":"page","link":"https:\/\/www.os-dravograd.si\/index.php\/katalog-informacij-javnega-znacaja\/","title":{"rendered":"KATALOG  INFORMACIJ JAVNEGA ZNA\u010cAJA"},"content":{"rendered":"<p>[vc_row][vc_column][vc_column_text]<\/p>\n<table>\n<tbody>\n<tr>\n<td colspan=\"2\"><span style=\"color: #000000;\">1. Osnovni podatki o katalogu<\/span><\/td>\n<\/tr>\n<tr>\n<td width=\"31%\"><span style=\"color: #000000;\">Naziv zavoda:<\/span><\/td>\n<td width=\"69%\"><span style=\"color: #000000;\">Osnovna \u0161ola Neznanih talcev Dravograd<\/span><br \/>\n<span style=\"color: #000000;\">Trg 4. julija 64<\/span><br \/>\n<span style=\"color: #000000;\">2370 Dravograd<\/span><br \/>\n<span style=\"color: #000000;\">telefon: 02 872 08 50 fax: 02 872 08 62<\/span><\/td>\n<\/tr>\n<tr>\n<td width=\"31%\"><span style=\"color: #000000;\">Odgovorna uradna oseba:<\/span><\/td>\n<td width=\"69%\"><span style=\"color: #000000;\">Lovro Plimon, ravnatelj<\/span><br \/>\n<span style=\"color: #000000;\">tel.: 02 872 08 52,<\/span><span style=\"color: #000000;\">el. naslov: <span style=\"color: #800080;\"><a style=\"color: #800080;\" href=\"mailto:lovro.plimon@os-dravograd.si\">lovro.plimon@os-dravograd.si<\/a><\/span><\/span><\/td>\n<\/tr>\n<tr>\n<td width=\"31%\"><span style=\"color: #000000;\">Datum prve objave kataloga:<\/span><\/td>\n<td width=\"69%\"><span style=\"color: #000000;\">6. 4. 2006<\/span><\/td>\n<\/tr>\n<tr>\n<td width=\"31%\"><span style=\"color: #000000;\">Datum zadnje spremembe:<\/span><\/td>\n<td width=\"69%\"><span style=\"color: #000000;\">1. 9. 2023<\/span><\/td>\n<\/tr>\n<tr>\n<td width=\"31%\"><span style=\"color: #000000;\">Katalog je dostopen na spletnem naslovu:<\/span><\/td>\n<td width=\"69%\"><span style=\"color: #800080;\"><a style=\"color: #800080;\" href=\"https:\/\/www.os-dravograd.si\">https:\/\/www.os-dravograd.si<\/a><\/span><\/td>\n<\/tr>\n<\/tbody>\n<\/table>\n<table>\n<tbody>\n<tr>\n<td colspan=\"2\"><span style=\"color: #000000;\">2. Splo\u0161ni podatki o zavodu in informacijah javnega zna\u010daja s katerimi razpolaga<\/span><\/td>\n<\/tr>\n<tr>\n<td colspan=\"2\"><span style=\"color: #000000;\">2.a Organigram in podatki o organizaciji zavoda<\/span><\/td>\n<\/tr>\n<tr>\n<td width=\"21%\"><span style=\"color: #000000;\">Kratek opis delovnega podro\u010dja zavoda:<\/span><\/td>\n<td width=\"77%\">\n<ul>\n<li><span style=\"color: #000000;\">osnovno\u0161olsko izobra\u017eevanje<\/span><\/li>\n<\/ul>\n<\/td>\n<\/tr>\n<tr>\n<td width=\"21%\"><span style=\"color: #000000;\">Seznam vseh notranjih organizacijskih enot<\/span><\/td>\n<td width=\"77%\">\n<ul>\n<li><span style=\"color: #800080;\"><a style=\"color: #800080;\" href=\"https:\/\/www.os-dravograd.si\/index.php\/ps-crnece\/\">Podru\u017eni\u010dna \u0161ola \u010crne\u010de<\/a><\/span><span style=\"color: #000000;\">, \u010crne\u010de 157, 2370 Dravograd<\/span><\/li>\n<\/ul>\n<ul>\n<li><span style=\"color: #000000;\"><a style=\"color: #000000;\" href=\"https:\/\/www.os-dravograd.si\/index.php\/ps-libelice\/\"><span style=\"color: #800080;\">Podru\u017eni\u010dna \u0161ola Libeli\u010de<\/span><\/a>, Libeli\u010de 22, 2372 Libeli\u010de<\/span><\/li>\n<\/ul>\n<ul>\n<li><span style=\"color: #000000;\"><a style=\"color: #000000;\" href=\"https:\/\/www.os-dravograd.si\/index.php\/ps-ojstrica\/\"><span style=\"color: #800080;\">Podru\u017eni\u010dna \u0161ola Ojstrica<\/span><\/a>, Ojstrica 27, 2370 Dravograd<\/span><\/li>\n<\/ul>\n<ul>\n<li><span style=\"color: #000000;\"><a style=\"color: #000000;\" href=\"https:\/\/www.os-dravograd.si\/index.php\/ps-trbonje\/\"><span style=\"color: #800080;\">Podru\u017eni\u010dna \u0161ola Trbonje<\/span><\/a>, Trbonje 26, 2371 Trbonje<\/span><\/li>\n<\/ul>\n<\/td>\n<\/tr>\n<tr>\n<td width=\"21%\"><span style=\"color: #000000;\">Organigram zavoda<\/span><\/td>\n<td width=\"77%\">\n<ul>\n<li><a href=\"https:\/\/www.os-dravograd.si\/wp-content\/uploads\/2021\/11\/organigram.gif\"><span style=\"color: #000000;\"><span style=\"color: #800080;\">Organigram zavoda<\/span><\/span><\/a><\/li>\n<\/ul>\n<\/td>\n<\/tr>\n<tr>\n<td colspan=\"2\" width=\"98%\"><span style=\"color: #000000;\">2.c Kontaktni podatki uradne osebe (oseb), pristojnih za posredovanje informacij<\/span><\/td>\n<\/tr>\n<tr>\n<td width=\"21%\"><span style=\"color: #000000;\">Pristojna oseba:<\/span><\/td>\n<td width=\"77%\"><span style=\"color: #000000;\">Lovro Plimon, ravnatelj<\/span><br \/>\n<span style=\"color: #000000;\">tel.: 02 872 08 52<\/span><\/td>\n<\/tr>\n<tr>\n<td colspan=\"2\" width=\"98%\"><span style=\"color: #000000;\">2.d Seznam zakonov, podzakonskih aktov in predpisov Evropskih skupnosti z delovnega podro\u010dja organa (preko dr\u017eavnega, lokalnega oziroma evropskega registra predpisov)<\/span><\/td>\n<\/tr>\n<tr>\n<td width=\"21%\"><span style=\"color: #000000;\">Notranji predpisi<\/span><\/td>\n<td width=\"77%\">\n<ul>\n<li><span style=\"color: #000000;\">Akt o ustanovitvi<\/span><\/li>\n<\/ul>\n<\/td>\n<\/tr>\n<tr>\n<td width=\"21%\"><span style=\"color: #000000;\">Dr\u017eavni predpisi<\/span><\/td>\n<td width=\"77%\">\n<ul>\n<li><span style=\"color: #800080;\"><a style=\"color: #800080;\" href=\"http:\/\/zakonodaja.gov.si\/rpsi\/kazala_podrocje\/kazalo_9_2_4_0.html\">Povezava na dr\u017eavni register predpisov<\/a><\/span><\/li>\n<\/ul>\n<\/td>\n<\/tr>\n<tr>\n<td width=\"21%\"><span style=\"color: #000000;\">Predpisi EU<\/span><\/td>\n<td width=\"77%\">\n<ul>\n<li><span style=\"color: #000000;\">Na na\u0161em podro\u010dju ni predpisov, ki bi bili regulirani s strani EU.<\/span><\/li>\n<\/ul>\n<\/td>\n<\/tr>\n<tr>\n<td colspan=\"2\" width=\"98%\"><span style=\"color: #000000;\">2.e Seznam predlogov predpisov (preko dr\u017eavnega oziroma lokalnega registra predpisov)<\/span><\/td>\n<\/tr>\n<tr>\n<td width=\"21%\"><span style=\"color: #000000;\">Predlogi predpisov<\/span><\/td>\n<td width=\"77%\">\n<ul>\n<li><span style=\"color: #000000;\">V postopku ni nobenega predloga predpisov.<\/span><\/li>\n<\/ul>\n<\/td>\n<\/tr>\n<tr>\n<td colspan=\"2\" width=\"98%\"><span style=\"color: #000000;\">2.f Seznam strate\u0161kih in programskih dokumentov po vsebinskih sklopih<\/span><\/td>\n<\/tr>\n<tr>\n<td width=\"21%\"><span style=\"color: #000000;\">Seznam strate\u0161kih in programskih dokumentov<\/span><\/td>\n<td width=\"77%\">\n<ul>\n<li><span style=\"color: #000000;\"><a style=\"color: #000000;\" href=\"https:\/\/www.os-dravograd.si\/index.php\/publikacije\/\"><span style=\"color: #800080;\">Letni delovni na\u010drt<\/span><\/a><\/span><\/li>\n<li><span style=\"color: #000000;\"><a style=\"color: #000000;\" href=\"https:\/\/www.os-dravograd.si\/index.php\/solski-koledar\/\"><span style=\"color: #800080;\">\u0160olski koledar za teko\u010de \u0161olsko leto<\/span><\/a><\/span><\/li>\n<li><span style=\"color: #800080;\"><a style=\"color: #800080;\" href=\"https:\/\/www.os-dravograd.si\/index.php\/publikacije\/\">Publikacije za teko\u010de \u0161olsko leto<\/a><\/span><\/li>\n<\/ul>\n<\/td>\n<\/tr>\n<tr>\n<td colspan=\"2\" width=\"98%\"><span style=\"color: #000000;\">2.g Seznam vrst upravnih, sodnih ali zakonodajnih postopkov<\/span><\/td>\n<\/tr>\n<tr>\n<td width=\"21%\"><span style=\"color: #000000;\">Vrste postopkov, ki jih vodi organ<\/span><\/td>\n<td width=\"77%\">\n<ul>\n<li><span style=\"color: #000000;\">Prijavno-sprejemni postopek za vpis v prvi razred<\/span><\/li>\n<li><span style=\"color: #000000;\">Odlo\u010danje o prito\u017ebah na dajanje informacij javnega zna\u010daja<\/span><\/li>\n<li><span style=\"color: #000000;\">Postopki priznavanja tujega izobra\u017eevanja<\/span><\/li>\n<\/ul>\n<\/td>\n<\/tr>\n<tr>\n<td colspan=\"2\" width=\"98%\"><span style=\"color: #000000;\">2.h Seznam javnih evidenc, s katerimi organ upravlja<\/span><\/td>\n<\/tr>\n<tr>\n<td width=\"21%\"><span style=\"color: #000000;\">Seznam evidenc<\/span><\/td>\n<td width=\"77%\">\n<ul>\n<li><span style=\"color: #000000;\">Seznam vpisanih u\u010dencev za teko\u010de \u0161olsko leto<\/span><\/li>\n<li><span style=\"color: #800080;\"><a style=\"color: #800080;\" href=\"https:\/\/www.os-dravograd.si\/index.php\/pedagoski-delavci\/\">Seznam zaposlenih<\/a><\/span><\/li>\n<li><span style=\"color: #000000;\">Seznam u\u010dencev s posebnim statusom<\/span><\/li>\n<\/ul>\n<\/td>\n<\/tr>\n<tr>\n<td colspan=\"2\" width=\"98%\"><span style=\"color: #000000;\">2.i Seznam drugih informatiziranih zbirk podatkov<\/span><\/td>\n<\/tr>\n<tr>\n<td width=\"21%\"><span style=\"color: #000000;\">Seznam zbirk<\/span><\/td>\n<td width=\"77%\"><span style=\"color: #000000;\">Popis nepremi\u010dnin in premo\u017eenjskega stanja zavoda<\/span><\/td>\n<\/tr>\n<tr>\n<td colspan=\"2\" width=\"98%\"><span style=\"color: #000000;\">2.j Najpomembnej\u0161i vsebinski sklopi drugih informacij javnega zna\u010daja oziroma seznam posameznih dokumentov<\/span><\/td>\n<\/tr>\n<tr>\n<td width=\"21%\"><span style=\"color: #000000;\">Sklopi informacij sledijo raz\u010dlenjenemu opisu delovnega podro\u010dja organa<\/span><\/td>\n<td width=\"77%\">\n<ul>\n<li><span style=\"color: #000000;\">Urniki oddelkov za teko\u010de \u0161olsko leto<\/span><\/li>\n<li><span style=\"color: #000000;\">Urnik u\u010dencev za teko\u010de \u0161olsko leto<\/span><\/li>\n<li><span style=\"color: #000000;\"><a style=\"color: #000000;\" href=\"https:\/\/www.os-dravograd.si\/index.php\/solski-koledar\/\"><span style=\"color: #800080;\">\u0160olski koledar za teko\u010de \u0161olsko leto<\/span><\/a><\/span><\/li>\n<li><span style=\"color: #000000;\">Cenik malic in kosil za teko\u010de \u0161olsko leto<\/span><\/li>\n<li><span style=\"color: #000000;\">Cene kompletov u\u010dbenikov iz u\u010dbeni\u0161kega sklada<\/span><\/li>\n<\/ul>\n<\/td>\n<\/tr>\n<\/tbody>\n<\/table>\n<p>&nbsp;<\/p>\n<table>\n<tbody>\n<tr>\n<td colspan=\"2\"><span style=\"color: #000000;\">3. Podatki o poobla\u0161\u010deni osebi za varstvo osebnih podatkov<\/span><\/td>\n<\/tr>\n<tr>\n<td width=\"31%\"><span style=\"color: #000000;\">Ime in priimek:<\/span><\/td>\n<td width=\"69%\"><span style=\"color: #000000;\">Katja Tretjak, univ. dipl. prav.<\/span><\/td>\n<\/tr>\n<tr>\n<td width=\"31%\"><span style=\"color: #000000;\">Delovno mesto:<\/span><\/td>\n<td width=\"69%\"><span style=\"color: #000000;\">Pravnica, zaposlena v podjetju Center za pravno pomo\u010d d.o.o., Mariborska cesta 69, 3000 Celje<\/span><\/td>\n<\/tr>\n<tr>\n<td width=\"31%\"><span style=\"color: #000000;\">Elektronski naslov:<\/span><\/td>\n<td width=\"69%\"><span style=\"color: #000000;\"><a style=\"color: #000000;\" href=\"mailto:katja@czpp.si\">katja@czpp.si<\/a><\/span><\/td>\n<\/tr>\n<tr>\n<td width=\"31%\"><span style=\"color: #000000;\">Telefon:<\/span><\/td>\n<td width=\"69%\"><span style=\"color: #000000;\">059340912<\/span><\/td>\n<\/tr>\n<tr>\n<td width=\"31%\"><span style=\"color: #000000;\">Dokumenti ZVOP-2 <\/span><\/td>\n<td width=\"69%\">\n<div>\n<ul>\n<li><span style=\"color: #000000;\"><a href=\"https:\/\/www.os-dravograd.si\/wp-content\/uploads\/2023\/01\/Pravilnik-o-zbiranju-in-obdelavi-podatkov-s-prilogami23.pdf\">Pravilnik o zbiranju in obdelavi podatkov, s prilogami<\/a> <\/span><\/li>\n<li><a href=\"https:\/\/www.os-dravograd.si\/wp-content\/uploads\/2023\/01\/Informacije-o-obdelavi-osebnih-podatkov-2023.pdf\">Informacije o obdelavi osebnih podatkov 2023<\/a><\/li>\n<\/ul>\n<\/div>\n<\/td>\n<\/tr>\n<tr>\n<td width=\"31%\"><span style=\"color: #000000;\">Zakon o za\u0161\u010diti prijaviteljev ZZpri<\/span><\/td>\n<td width=\"69%\">\n<div>\n<ul>\n<li><a href=\"https:\/\/www.os-dravograd.si\/wp-content\/uploads\/2023\/06\/Interni-akt-vzpostavitev-notranje-poti-za-prijavo-2023.pdf\">Interni akt &#8211; vzpostavitev notranjih poti za prijavitelje<\/a><\/li>\n<li><a href=\"https:\/\/www.os-dravograd.si\/wp-content\/uploads\/2023\/06\/Obrazec-notranja-prijava-krsitve.pdf\">Obrazec &#8211; notranja prijava kr\u0161itve<\/a><\/li>\n<li><a href=\"https:\/\/www.os-dravograd.si\/wp-content\/uploads\/2023\/06\/Obvestilo_zascita-prijaviteljev_-22.-5.-2023.pdf\">Informacije po zakonu o za\u0161\u010diti prijaviteljev<\/a><\/li>\n<\/ul>\n<\/div>\n<\/td>\n<\/tr>\n<\/tbody>\n<\/table>\n<p>[\/vc_column_text][\/vc_column][\/vc_row]<\/p>\n","protected":false},"excerpt":{"rendered":"<p>[vc_row][vc_column][vc_column_text] 1. Osnovni podatki o katalogu Naziv zavoda: Osnovna \u0161ola Neznanih talcev Dravograd Trg 4. julija 64 2370 Dravograd telefon: 02 872 08 50 fax: 02 872 08 62 Odgovorna uradna oseba: Lovro Plimon, ravnatelj tel.: 02 872 08 52,el. naslov: lovro.plimon@os-dravograd.si Datum prve objave kataloga: 6. 4. 2006 Datum zadnje spremembe: 1. 9. 2023 [&hellip;]<\/p>\n","protected":false},"author":1,"featured_media":0,"parent":0,"menu_order":0,"comment_status":"closed","ping_status":"closed","template":"","meta":{"ngg_post_thumbnail":0},"_links":{"self":[{"href":"https:\/\/www.os-dravograd.si\/index.php\/wp-json\/wp\/v2\/pages\/1424"}],"collection":[{"href":"https:\/\/www.os-dravograd.si\/index.php\/wp-json\/wp\/v2\/pages"}],"about":[{"href":"https:\/\/www.os-dravograd.si\/index.php\/wp-json\/wp\/v2\/types\/page"}],"author":[{"embeddable":true,"href":"https:\/\/www.os-dravograd.si\/index.php\/wp-json\/wp\/v2\/users\/1"}],"replies":[{"embeddable":true,"href":"https:\/\/www.os-dravograd.si\/index.php\/wp-json\/wp\/v2\/comments?post=1424"}],"version-history":[{"count":10,"href":"https:\/\/www.os-dravograd.si\/index.php\/wp-json\/wp\/v2\/pages\/1424\/revisions"}],"predecessor-version":[{"id":5185,"href":"https:\/\/www.os-dravograd.si\/index.php\/wp-json\/wp\/v2\/pages\/1424\/revisions\/5185"}],"wp:attachment":[{"href":"https:\/\/www.os-dravograd.si\/index.php\/wp-json\/wp\/v2\/media?parent=1424"}],"curies":[{"name":"wp","href":"https:\/\/api.w.org\/{rel}","templated":true}]}}