{"id":1429,"date":"2020-10-30T08:57:36","date_gmt":"2020-10-30T07:57:36","guid":{"rendered":"http:\/\/92.244.88.147\/wordpress\/?page_id=1429"},"modified":"2023-09-01T11:42:19","modified_gmt":"2023-09-01T09:42:19","slug":"poslanstvo","status":"publish","type":"page","link":"https:\/\/www.os-dravograd.si\/index.php\/poslanstvo\/","title":{"rendered":"POSLANSTVO"},"content":{"rendered":"\n<p><span style=\"color: #000000;\">Namen \u0161ole je opravljanje vzgojno-izobra\u017eevalnega \u00a0dela \u00a0po predvidenem u\u010dnem na\u010drtu. Opravljamo osnovno\u0161olsko dejavnost in se trudimo vna\u0161ati v delo na \u0161oli sodobne metode in oblike dela, sodobne didakti\u010dne pripomo\u010dke, aktualiziramo dogodke, obravnavamo \u017eivljenjske teme in omogo\u010damo razne dejavnosti, s katerimi pridobivajo na\u0161i u\u010denci nove spretnosti, znanja in izku\u0161nje.<\/span><\/p>\r\n<p><span style=\"color: #000000;\">\n\n\n\n<\/span><\/p>\r\n<p><span style=\"color: #000000;\">V ta namen organiziramo letno in zimsko \u0161olo v naravi za pete in \u0161este razrede, naravoslovni teden na C\u0160OD-ju za sedme razrede ter bivanje na C\u0160OD Peca za prve razrede. U\u010denci tretjih razredov imajo plavalni te\u010daj, u\u010denci petih imajo kolesarski te\u010daj in dodatno ra\u010dunalni\u0161ko opismenjevanje, u\u010denci \u00a0\u0161estih fakultativni pouk nem\u0161\u010dine kot drugega tujega jezika. Po Pravilniku o normativih in standardih izvajamo neobvezne in obvezne izbirne predmete. Nudimo jim \u0161irok izbor interesnih dejavnosti. Izvajamo dodatni pouk za nadarjene u\u010dence, dopolnilni pouk za u\u010dence z u\u010dnimi te\u017eavami, u\u010dence vklju\u010dujemo v razne projekte z razli\u010dnih podro\u010dij, u\u010denci pripravljajo raziskovalne naloge, tekmujejo na razli\u010dnih podro\u010djih, izvajamo dneve dejavnosti, u\u010denci aktivno sodelujejo na otro\u0161kem parlamentu, \u0161ola se povezuje z lokalno skupnostjo, dru\u0161tvi, javnimi zavodi v kraju in s srednjimi \u0161olami. Preventivno delujemo na zdravstvenem podro\u010dju, varnem internetu in bontonu na internetu. Velik poudarek dajemo sodelovanju s star\u0161i. U\u010ditelji posku\u0161ajo zaznavati sprotne \u00a0probleme in jih takoj re\u0161evati.<\/span><\/p>\r\n<p><span style=\"color: #000000;\">\n\n\n\n<\/span><\/p>\r\n<p><br \/><span style=\"color: #000000;\">U\u010dence vzgajamo v strpne, spo\u0161tljive in odgovorne dr\u017eavljane. Poudarjamo pomen prostovoljstva in medgeneracijskega povezovanja. Velik poudarek dajemo vse\u017eivljenjskemu u\u010denju. Skrbimo za zdrav duh v zdravem telesu.<\/span><\/p>\r\n<p><span style=\"color: #000000;\">\n\n\n<p><\/p>\n<p>&nbsp;<\/p>","protected":false},"excerpt":{"rendered":"<p>Namen \u0161ole je opravljanje vzgojno-izobra\u017eevalnega \u00a0dela \u00a0po predvidenem u\u010dnem na\u010drtu. Opravljamo osnovno\u0161olsko dejavnost in se trudimo vna\u0161ati v delo na \u0161oli sodobne metode in oblike dela, sodobne didakti\u010dne pripomo\u010dke, aktualiziramo dogodke, obravnavamo \u017eivljenjske teme in omogo\u010damo razne dejavnosti, s katerimi pridobivajo na\u0161i u\u010denci nove spretnosti, znanja in izku\u0161nje. V ta namen organiziramo letno in zimsko [&hellip;]<\/p>\n","protected":false},"author":1,"featured_media":0,"parent":0,"menu_order":0,"comment_status":"closed","ping_status":"closed","template":"","meta":{"ngg_post_thumbnail":0},"_links":{"self":[{"href":"https:\/\/www.os-dravograd.si\/index.php\/wp-json\/wp\/v2\/pages\/1429"}],"collection":[{"href":"https:\/\/www.os-dravograd.si\/index.php\/wp-json\/wp\/v2\/pages"}],"about":[{"href":"https:\/\/www.os-dravograd.si\/index.php\/wp-json\/wp\/v2\/types\/page"}],"author":[{"embeddable":true,"href":"https:\/\/www.os-dravograd.si\/index.php\/wp-json\/wp\/v2\/users\/1"}],"replies":[{"embeddable":true,"href":"https:\/\/www.os-dravograd.si\/index.php\/wp-json\/wp\/v2\/comments?post=1429"}],"version-history":[{"count":1,"href":"https:\/\/www.os-dravograd.si\/index.php\/wp-json\/wp\/v2\/pages\/1429\/revisions"}],"predecessor-version":[{"id":5186,"href":"https:\/\/www.os-dravograd.si\/index.php\/wp-json\/wp\/v2\/pages\/1429\/revisions\/5186"}],"wp:attachment":[{"href":"https:\/\/www.os-dravograd.si\/index.php\/wp-json\/wp\/v2\/media?parent=1429"}],"curies":[{"name":"wp","href":"https:\/\/api.w.org\/{rel}","templated":true}]}}