{"id":1431,"date":"2020-10-30T08:58:21","date_gmt":"2020-10-30T07:58:21","guid":{"rendered":"http:\/\/92.244.88.147\/wordpress\/?page_id=1431"},"modified":"2023-09-01T11:43:02","modified_gmt":"2023-09-01T09:43:02","slug":"vizija","status":"publish","type":"page","link":"https:\/\/www.os-dravograd.si\/index.php\/vizija\/","title":{"rendered":"VIZIJA"},"content":{"rendered":"<p><span style=\"color: #000000;\">Vizija O\u0160 Neznanih talcev Dravograd je <strong>NE U\u010cIMO SE ZA \u0160OLO, TEMVE\u010c ZA \u017dIVLJENJE<\/strong> (Seneka). To vizijo smo za\u010drtali u\u010ditelji, star\u0161i in u\u010denci.<\/span><br><span style=\"color: #000000;\">Zdi se nam pomembno, da pripravimo u\u010dence na \u017eivljenje, da se bodo znali spoprijeti s te\u017eavami, ki jih prina\u0161a dana\u0161nji \u010das, da jih opremimo z znanjem, ki jim bo pomagalo pri re\u0161evanju te\u017eav, da jih nau\u010dimo dobrih, pozitivnih medsebojnih \u010dlove\u0161kih odnosov, da krepimo njihovo pozitivno samopodobo in da jih vzgajamo za dobre sosede, krajane in dr\u017eavljane, ki bodo znali ceniti svojo domovino, v kateri se bodo s svojim delom lahko tudi izkazali. U\u010dimo jih s svojim zgledom in delom.<\/span><\/p>\n<p><span style=\"color: #000000;\">Pozornost usmerjamo na:<\/span><\/p>\n<p><span style=\"color: #000000;\">1. U\u010dence, ki se morajo na \u0161oli po\u010dutiti dobro in varno. \u0160ola jim nudi znanje, jih vzgaja in jim krepi pozitivno samopodobo. Vsak u\u010denec je individualno bitje in naloga u\u010ditelja je, da ga kot tak\u0161nega tudi prepozna in mu nudi mo\u017enost individualnega razvoja. U\u010dence vzpodbujamo k raziskovanju, inovativnosti, ustvarjalnosti, k vklju\u010devanju k interesnim dejavnostim, tekmovanjem na razli\u010dnih podro\u010djih, zdravemu telesnemu razvoju, prostovoljstvu, ekolo\u0161ki naravnanosti, strpnosti in enakosti. Velik poudarek dajemo sodelovanju z lokalnimi dru\u0161tvi, organizacijami in spoznavanju doma\u010de okolice.<\/span><br><span style=\"color: #000000;\">&nbsp;<\/span><\/p>\n<p><span style=\"color: #000000;\">2. U\u010ditelje, ki so klju\u010d do uspeha, zato se nenehno izpopolnjujejo in izobra\u017eujejo.<\/span><br><span style=\"color: #000000;\">&nbsp;<\/span><\/p>\n<p><span style=\"color: #000000;\">3. Star\u0161e, ki s svojim sodelovanjem pri vzgojno\u2013izobra\u017eevalnem procesu pripomorejo k uspe\u0161nosti u\u010denca.<\/span><br><span style=\"color: #000000;\">Dobro po\u010dutje delavcev in u\u010dencev je odvisno od dobrih prostorskih in materialnih pogojev, zato se trudimo, da imamo \u010disto in lepo \u0161olo z okolico, ki jo urejamo sami in s tem u\u010dence navajamo na delo in jim privzgajamo estetski \u010dut. Vlagamo v opremljenost \u0161ole z najmodernej\u0161imi tehnolo\u0161kimi novostmi.<\/span><br><span style=\"color: #000000;\">&nbsp;<\/span><\/p>\n<p><span style=\"color: #000000;\">\u017delimo, da se na \u0161oli vsi po\u010dutimo dobro in vsak dan znova radi odhajamo v \u0161olo po znanje ali v slu\u017ebo.<\/span><\/p>\n<p>&nbsp;<\/p>\n\n\n<p><\/p>\n\n\n<p><\/p>","protected":false},"excerpt":{"rendered":"<p>Vizija O\u0160 Neznanih talcev Dravograd je NE U\u010cIMO SE ZA \u0160OLO, TEMVE\u010c ZA \u017dIVLJENJE (Seneka). To vizijo smo za\u010drtali u\u010ditelji, star\u0161i in u\u010denci.Zdi se nam pomembno, da pripravimo u\u010dence na \u017eivljenje, da se bodo znali spoprijeti s te\u017eavami, ki jih prina\u0161a dana\u0161nji \u010das, da jih opremimo z znanjem, ki jim bo pomagalo pri re\u0161evanju te\u017eav, [&hellip;]<\/p>\n","protected":false},"author":1,"featured_media":0,"parent":0,"menu_order":0,"comment_status":"closed","ping_status":"closed","template":"","meta":{"ngg_post_thumbnail":0},"_links":{"self":[{"href":"https:\/\/www.os-dravograd.si\/index.php\/wp-json\/wp\/v2\/pages\/1431"}],"collection":[{"href":"https:\/\/www.os-dravograd.si\/index.php\/wp-json\/wp\/v2\/pages"}],"about":[{"href":"https:\/\/www.os-dravograd.si\/index.php\/wp-json\/wp\/v2\/types\/page"}],"author":[{"embeddable":true,"href":"https:\/\/www.os-dravograd.si\/index.php\/wp-json\/wp\/v2\/users\/1"}],"replies":[{"embeddable":true,"href":"https:\/\/www.os-dravograd.si\/index.php\/wp-json\/wp\/v2\/comments?post=1431"}],"version-history":[{"count":1,"href":"https:\/\/www.os-dravograd.si\/index.php\/wp-json\/wp\/v2\/pages\/1431\/revisions"}],"predecessor-version":[{"id":5187,"href":"https:\/\/www.os-dravograd.si\/index.php\/wp-json\/wp\/v2\/pages\/1431\/revisions\/5187"}],"wp:attachment":[{"href":"https:\/\/www.os-dravograd.si\/index.php\/wp-json\/wp\/v2\/media?parent=1431"}],"curies":[{"name":"wp","href":"https:\/\/api.w.org\/{rel}","templated":true}]}}