{"id":1444,"date":"2020-10-30T09:26:09","date_gmt":"2020-10-30T08:26:09","guid":{"rendered":"http:\/\/92.244.88.147\/wordpress\/?page_id=1444"},"modified":"2023-10-04T13:34:03","modified_gmt":"2023-10-04T11:34:03","slug":"solski-sklad","status":"publish","type":"page","link":"https:\/\/www.os-dravograd.si\/index.php\/solski-sklad\/","title":{"rendered":"\u0160OLSKI SKLAD"},"content":{"rendered":"<table>\n<tbody>\n<tr>\n<td colspan=\"2\">\n<p><strong>\u0160OLSKI SKLAD &#8211; PREDSTAVNIKI<\/strong><\/p>\n<\/td>\n<\/tr>\n<tr>\n<td colspan=\"2\">\n<p><strong>Upravni odbor<\/strong> \u0161olskega sklada se je konstituiral na svoji prvi seji, 18. 11. 2021.<\/p>\n<ul>\n<li>Ima 7 \u010dlanov \u2013 3 predstavnike star\u0161ev\/4 predstavnike strokovnih delavcev zavoda<\/li>\n<\/ul>\n<\/td>\n<\/tr>\n<tr>\n<td>\n<p><strong>Predsednica<\/strong><\/p>\n<\/td>\n<td>\n<p><strong>ANA POTO\u010cNIK<\/strong> (predstavnica strokovnih delavcev zavoda)<\/p>\n<\/td>\n<\/tr>\n<tr>\n<td>\n<p><strong>Namestnik predsednice<\/strong><\/p>\n<\/td>\n<td>\n<p><strong>ZLATKO KAC<\/strong> (predstavnik star\u0161ev)<\/p>\n<\/td>\n<\/tr>\n<tr>\n<td rowspan=\"5\">\n<p>\u010clani<\/p>\n<\/td>\n<td>\n<p><strong>IGOR VITRIH<\/strong> (predstavnik strokovnih delavcev zavoda)<\/p>\n<\/td>\n<\/tr>\n<tr>\n<td>\n<p><strong>LINA ROGL\u0160EK<\/strong> (predstavnica strokovnih delavcev zavoda)<\/p>\n<\/td>\n<\/tr>\n<tr>\n<td>\n<p><strong>IRENA KA\u0160MAN<\/strong> (predstavnica strokovnih delavcev zavoda)<\/p>\n<\/td>\n<\/tr>\n<tr>\n<td>\n<p><strong>MARTINA JERI\u010c KALI\u0160NIK<\/strong> (predstavnica star\u0161ev)<\/p>\n<\/td>\n<\/tr>\n<tr>\n<td>\n<p><strong>UR\u0160KA KRAKER<\/strong> (predstavnica star\u0161ev)<\/p>\n<\/td>\n<\/tr>\n<\/tbody>\n<\/table>\n\n\n<div class=\"wp-block-file\"><a href=\"https:\/\/www.os-dravograd.si\/wp-content\/uploads\/2022\/09\/Pravila-Solskega-sklada.pdf\">Pravila \u0160olskega sklada<\/a><a href=\"https:\/\/www.os-dravograd.si\/wp-content\/uploads\/2022\/09\/Pravila-Solskega-sklada.pdf\" class=\"wp-block-file__button\" download>Prenos<\/a><\/div>\n\n\n\n<div class=\"wp-block-file\"><a href=\"https:\/\/www.os-dravograd.si\/wp-content\/uploads\/2022\/01\/Sklep_ustanovitev-SS_OS-NT-Dravogrda_-2021.pdf\">Sklep_ustanovitev-SS_OS-NT-Dravogrda_-2021<\/a><a href=\"https:\/\/www.os-dravograd.si\/wp-content\/uploads\/2022\/01\/Sklep_ustanovitev-SS_OS-NT-Dravogrda_-2021.pdf\" class=\"wp-block-file__button\" download>Prenos<\/a><\/div>\n\n\n\n<div class=\"wp-block-file\"><a href=\"https:\/\/www.os-dravograd.si\/wp-content\/uploads\/2023\/10\/Letni-program-sklada-2023_24.pdf\">Letni-program-sklada-2023_24<\/a><a href=\"https:\/\/www.os-dravograd.si\/wp-content\/uploads\/2023\/10\/Letni-program-sklada-2023_24.pdf\" class=\"wp-block-file__button\" download>Prenos<\/a><\/div>\n\n\n\n<div class=\"wp-block-file\"><a href=\"https:\/\/www.os-dravograd.si\/wp-content\/uploads\/2023\/10\/IZJAVA-in-obvestilo-za-starse-za-solski-sklad-2023_24.pdf\">IZJAVA-in-obvestilo-za-starse-za-solski-sklad-2023_24<\/a><a href=\"https:\/\/www.os-dravograd.si\/wp-content\/uploads\/2023\/10\/IZJAVA-in-obvestilo-za-starse-za-solski-sklad-2023_24.pdf\" class=\"wp-block-file__button\" download>Prenos<\/a><\/div>\n\n\n\n<div class=\"wp-block-file\"><a href=\"https:\/\/www.os-dravograd.si\/wp-content\/uploads\/2023\/10\/dohodnina-donacije-OS-NT.pdf\">dohodnina-donacije-OS-NT<\/a><a href=\"https:\/\/www.os-dravograd.si\/wp-content\/uploads\/2023\/10\/dohodnina-donacije-OS-NT.pdf\" class=\"wp-block-file__button\" download>Prenos<\/a><\/div>\n","protected":false},"excerpt":{"rendered":"<p>\u0160OLSKI SKLAD &#8211; PREDSTAVNIKI Upravni odbor \u0161olskega sklada se je konstituiral na svoji prvi seji, 18. 11. 2021. Ima 7 \u010dlanov \u2013 3 predstavnike star\u0161ev\/4 predstavnike strokovnih delavcev zavoda Predsednica ANA POTO\u010cNIK (predstavnica strokovnih delavcev zavoda) Namestnik predsednice ZLATKO KAC (predstavnik star\u0161ev) \u010clani IGOR VITRIH (predstavnik strokovnih delavcev zavoda) LINA ROGL\u0160EK (predstavnica strokovnih delavcev zavoda) [&hellip;]<\/p>\n","protected":false},"author":1,"featured_media":0,"parent":0,"menu_order":0,"comment_status":"closed","ping_status":"closed","template":"","meta":{"ngg_post_thumbnail":0},"_links":{"self":[{"href":"https:\/\/www.os-dravograd.si\/index.php\/wp-json\/wp\/v2\/pages\/1444"}],"collection":[{"href":"https:\/\/www.os-dravograd.si\/index.php\/wp-json\/wp\/v2\/pages"}],"about":[{"href":"https:\/\/www.os-dravograd.si\/index.php\/wp-json\/wp\/v2\/types\/page"}],"author":[{"embeddable":true,"href":"https:\/\/www.os-dravograd.si\/index.php\/wp-json\/wp\/v2\/users\/1"}],"replies":[{"embeddable":true,"href":"https:\/\/www.os-dravograd.si\/index.php\/wp-json\/wp\/v2\/comments?post=1444"}],"version-history":[{"count":3,"href":"https:\/\/www.os-dravograd.si\/index.php\/wp-json\/wp\/v2\/pages\/1444\/revisions"}],"predecessor-version":[{"id":5331,"href":"https:\/\/www.os-dravograd.si\/index.php\/wp-json\/wp\/v2\/pages\/1444\/revisions\/5331"}],"wp:attachment":[{"href":"https:\/\/www.os-dravograd.si\/index.php\/wp-json\/wp\/v2\/media?parent=1444"}],"curies":[{"name":"wp","href":"https:\/\/api.w.org\/{rel}","templated":true}]}}