{"id":1454,"date":"2020-10-30T17:01:49","date_gmt":"2020-10-30T16:01:49","guid":{"rendered":"http:\/\/92.244.88.147\/wordpress\/?page_id=1454"},"modified":"2026-03-25T12:52:02","modified_gmt":"2026-03-25T11:52:02","slug":"svet-zavoda","status":"publish","type":"page","link":"https:\/\/www.os-dravograd.si\/index.php\/svet-zavoda\/","title":{"rendered":"SVET ZAVODA"},"content":{"rendered":"<table border=\"0\" cellspacing=\"0\" cellpadding=\"0\">\n<tbody>\n<tr>\n<td valign=\"top\" nowrap=\"nowrap\" width=\"300\"><strong>Predsednica Sveta zavoda:<\/strong><\/td>\n<td valign=\"top\" nowrap=\"nowrap\" width=\"404\">Helena GOSTEN\u010cNIK<\/td>\n<\/tr>\n<tr>\n<td valign=\"top\" nowrap=\"nowrap\" width=\"300\"><strong>Namestnica predsednice:<\/strong><\/td>\n<td valign=\"top\" nowrap=\"nowrap\" width=\"404\">Lucija ROPI\u010c PREVOL\u010cI\u010c<\/td>\n<\/tr>\n<tr>\n<td valign=\"top\" nowrap=\"nowrap\" width=\"300\"><strong>Predstavniki ustanovitelja:<\/strong><\/td>\n<td valign=\"top\" nowrap=\"nowrap\" width=\"404\">Ferdo ABRAHAM,&nbsp; Milena MENDA\u0160,&nbsp; Ivana MORI<\/td>\n<\/tr>\n<tr>\n<td valign=\"top\" nowrap=\"nowrap\" width=\"300\"><strong>Predstavniki star\u0161ev:<\/strong><\/td>\n<td valign=\"top\" nowrap=\"nowrap\" width=\"404\">Lucija&nbsp; ROPI\u010c PREVOL\u010cI\u010c, Janko KUSTER, Alja EP\u0160EK<\/td>\n<\/tr>\n<tr>\n<td rowspan=\"4\" valign=\"top\" nowrap=\"nowrap\" width=\"300\"><strong>Predstavniki zaposlenih:<\/strong><\/td>\n<td rowspan=\"3\" scope=\"colgroup\" align=\"left\" valign=\"top\" nowrap=\"nowrap\">Helena GOSTEN\u010cNIK, Helena KNEZ, Nadja SEP, Barbara KOTNIK, Gabrijela KUPLJEN<\/td>\n<\/tr>\n<\/tbody>\n<\/table>\n<p><span style=\"color: #888888;\">&nbsp;<\/span><\/p>\n<p>&nbsp;<\/p>\n<p>&nbsp;<\/p>\n","protected":false},"excerpt":{"rendered":"<p>Predsednica Sveta zavoda: Helena GOSTEN\u010cNIK Namestnica predsednice: Lucija ROPI\u010c PREVOL\u010cI\u010c Predstavniki ustanovitelja: Ferdo ABRAHAM,&nbsp; Milena MENDA\u0160,&nbsp; Ivana MORI Predstavniki star\u0161ev: Lucija&nbsp; ROPI\u010c PREVOL\u010cI\u010c, Janko KUSTER, Alja EP\u0160EK Predstavniki zaposlenih: Helena GOSTEN\u010cNIK, Helena KNEZ, Nadja SEP, Barbara KOTNIK, Gabrijela KUPLJEN &nbsp; &nbsp; &nbsp;<\/p>\n","protected":false},"author":1,"featured_media":0,"parent":0,"menu_order":0,"comment_status":"closed","ping_status":"closed","template":"","meta":{"ngg_post_thumbnail":0},"_links":{"self":[{"href":"https:\/\/www.os-dravograd.si\/index.php\/wp-json\/wp\/v2\/pages\/1454"}],"collection":[{"href":"https:\/\/www.os-dravograd.si\/index.php\/wp-json\/wp\/v2\/pages"}],"about":[{"href":"https:\/\/www.os-dravograd.si\/index.php\/wp-json\/wp\/v2\/types\/page"}],"author":[{"embeddable":true,"href":"https:\/\/www.os-dravograd.si\/index.php\/wp-json\/wp\/v2\/users\/1"}],"replies":[{"embeddable":true,"href":"https:\/\/www.os-dravograd.si\/index.php\/wp-json\/wp\/v2\/comments?post=1454"}],"version-history":[{"count":4,"href":"https:\/\/www.os-dravograd.si\/index.php\/wp-json\/wp\/v2\/pages\/1454\/revisions"}],"predecessor-version":[{"id":10595,"href":"https:\/\/www.os-dravograd.si\/index.php\/wp-json\/wp\/v2\/pages\/1454\/revisions\/10595"}],"wp:attachment":[{"href":"https:\/\/www.os-dravograd.si\/index.php\/wp-json\/wp\/v2\/media?parent=1454"}],"curies":[{"name":"wp","href":"https:\/\/api.w.org\/{rel}","templated":true}]}}