{"id":1456,"date":"2020-10-30T17:02:53","date_gmt":"2020-10-30T16:02:53","guid":{"rendered":"http:\/\/92.244.88.147\/wordpress\/?page_id=1456"},"modified":"2025-05-26T11:00:58","modified_gmt":"2025-05-26T09:00:58","slug":"vodstvo-sole","status":"publish","type":"page","link":"https:\/\/www.os-dravograd.si\/index.php\/vodstvo-sole\/","title":{"rendered":"VODSTVO \u0160OLE"},"content":{"rendered":"\n<figure class=\"wp-block-table is-style-stripes\"><table><tbody><tr><td><strong>Ime<\/strong><\/td><td><strong>Priimek<\/strong><\/td><td><strong>Telefon<\/strong><\/td><td><strong>Elektronski naslov<\/strong><\/td><td><strong>Delovno mesto<\/strong><\/td><\/tr><tr><td>Lovro<\/td><td>Plimon<\/td><td>02 872 08 52<\/td><td>lovro.plimon@os-dravograd.si<\/td><td>Ravnatelj<\/td><\/tr><tr><td>Danica<\/td><td>Gru\u0161ovnik<\/td><td>&nbsp;02 872 08 57<\/td><td>danica.grusovnik@os-dravograd.si<\/td><td>Pomo\u010dnica ravnatelja<\/td><\/tr><tr><td>Mateja<\/td><td>Kov\u0161e<\/td><td>02 872 08 53<\/td><td>mateja.kovse@os-dravograd.si<\/td><td>Pomo\u010dnica ravnatelja<\/td><\/tr><\/tbody><\/table><\/figure>\n","protected":false},"excerpt":{"rendered":"<p>Ime Priimek Telefon Elektronski naslov Delovno mesto Lovro Plimon 02 872 08 52 lovro.plimon@os-dravograd.si Ravnatelj Danica Gru\u0161ovnik &nbsp;02 872 08 57 danica.grusovnik@os-dravograd.si Pomo\u010dnica ravnatelja Mateja Kov\u0161e 02 872 08 53 mateja.kovse@os-dravograd.si Pomo\u010dnica ravnatelja<\/p>\n","protected":false},"author":1,"featured_media":0,"parent":0,"menu_order":0,"comment_status":"closed","ping_status":"closed","template":"","meta":{"ngg_post_thumbnail":0},"_links":{"self":[{"href":"https:\/\/www.os-dravograd.si\/index.php\/wp-json\/wp\/v2\/pages\/1456"}],"collection":[{"href":"https:\/\/www.os-dravograd.si\/index.php\/wp-json\/wp\/v2\/pages"}],"about":[{"href":"https:\/\/www.os-dravograd.si\/index.php\/wp-json\/wp\/v2\/types\/page"}],"author":[{"embeddable":true,"href":"https:\/\/www.os-dravograd.si\/index.php\/wp-json\/wp\/v2\/users\/1"}],"replies":[{"embeddable":true,"href":"https:\/\/www.os-dravograd.si\/index.php\/wp-json\/wp\/v2\/comments?post=1456"}],"version-history":[{"count":4,"href":"https:\/\/www.os-dravograd.si\/index.php\/wp-json\/wp\/v2\/pages\/1456\/revisions"}],"predecessor-version":[{"id":8704,"href":"https:\/\/www.os-dravograd.si\/index.php\/wp-json\/wp\/v2\/pages\/1456\/revisions\/8704"}],"wp:attachment":[{"href":"https:\/\/www.os-dravograd.si\/index.php\/wp-json\/wp\/v2\/media?parent=1456"}],"curies":[{"name":"wp","href":"https:\/\/api.w.org\/{rel}","templated":true}]}}