{"id":1462,"date":"2020-10-30T17:05:09","date_gmt":"2020-10-30T16:05:09","guid":{"rendered":"http:\/\/92.244.88.147\/wordpress\/?page_id=1462"},"modified":"2025-05-26T11:04:11","modified_gmt":"2025-05-26T09:04:11","slug":"administrativno-osebje","status":"publish","type":"page","link":"https:\/\/www.os-dravograd.si\/index.php\/administrativno-osebje\/","title":{"rendered":"ADMINISTRATIVNO OSEBJE"},"content":{"rendered":"\n<figure class=\"wp-block-table is-style-stripes\"><table><tbody><tr><td><strong><span class=\"has-inline-color has-black-color\">Ime<\/span><\/strong><\/td><td><strong><span class=\"has-inline-color has-black-color\">Priimek<\/span><\/strong><\/td><td><strong><span class=\"has-inline-color has-black-color\">Telefon<\/span><\/strong><\/td><td><strong><span class=\"has-inline-color has-black-color\">Elektronska po\u0161ta<\/span><\/strong><\/td><td><strong><span class=\"has-inline-color has-black-color\">Delovno mesto<\/span><\/strong><\/td><\/tr><tr><td>Gabrijela<\/td><td>Kupljen<\/td><td>02 872 08 50<\/td><td>tajnistvo@os-dravograd.si<\/td><td>Tajnik VIZ<\/td><\/tr><tr><td>Sa\u0161a<\/td><td>Nenadi\u0107<\/td><td>02 872 08 54<\/td><td>blagajna@os-dravograd.si<\/td><td>Administrator\/Knjigovodja<\/td><\/tr><tr><td>Karmen<\/td><td>Jeseni\u010dnik<\/td><td>02 872 08 54<\/td><td>karmen.jesenicnik@os-dravograd.si<\/td><td>Administrator\/Knjigovodja<\/td><\/tr><tr><td>Nevenka<\/td><td>Glasen\u010dnik<\/td><td>02 872 08 56<\/td><td>racunovodstvo@os-dravograd.si<\/td><td>Ra\u010dunovodja<\/td><\/tr><\/tbody><\/table><\/figure>\n","protected":false},"excerpt":{"rendered":"<p>Ime Priimek Telefon Elektronska po\u0161ta Delovno mesto Gabrijela Kupljen 02 872 08 50 tajnistvo@os-dravograd.si Tajnik VIZ Sa\u0161a Nenadi\u0107 02 872 08 54 blagajna@os-dravograd.si Administrator\/Knjigovodja Karmen Jeseni\u010dnik 02 872 08 54 karmen.jesenicnik@os-dravograd.si Administrator\/Knjigovodja Nevenka Glasen\u010dnik 02 872 08 56 racunovodstvo@os-dravograd.si Ra\u010dunovodja<\/p>\n","protected":false},"author":1,"featured_media":0,"parent":0,"menu_order":0,"comment_status":"closed","ping_status":"closed","template":"","meta":{"ngg_post_thumbnail":0},"_links":{"self":[{"href":"https:\/\/www.os-dravograd.si\/index.php\/wp-json\/wp\/v2\/pages\/1462"}],"collection":[{"href":"https:\/\/www.os-dravograd.si\/index.php\/wp-json\/wp\/v2\/pages"}],"about":[{"href":"https:\/\/www.os-dravograd.si\/index.php\/wp-json\/wp\/v2\/types\/page"}],"author":[{"embeddable":true,"href":"https:\/\/www.os-dravograd.si\/index.php\/wp-json\/wp\/v2\/users\/1"}],"replies":[{"embeddable":true,"href":"https:\/\/www.os-dravograd.si\/index.php\/wp-json\/wp\/v2\/comments?post=1462"}],"version-history":[{"count":4,"href":"https:\/\/www.os-dravograd.si\/index.php\/wp-json\/wp\/v2\/pages\/1462\/revisions"}],"predecessor-version":[{"id":8707,"href":"https:\/\/www.os-dravograd.si\/index.php\/wp-json\/wp\/v2\/pages\/1462\/revisions\/8707"}],"wp:attachment":[{"href":"https:\/\/www.os-dravograd.si\/index.php\/wp-json\/wp\/v2\/media?parent=1462"}],"curies":[{"name":"wp","href":"https:\/\/api.w.org\/{rel}","templated":true}]}}