{"id":1464,"date":"2020-10-30T17:05:44","date_gmt":"2020-10-30T16:05:44","guid":{"rendered":"http:\/\/92.244.88.147\/wordpress\/?page_id=1464"},"modified":"2025-08-28T13:12:58","modified_gmt":"2025-08-28T11:12:58","slug":"tehnicno-osebje","status":"publish","type":"page","link":"https:\/\/www.os-dravograd.si\/index.php\/tehnicno-osebje\/","title":{"rendered":"TEHNI\u010cNO OSEBJE"},"content":{"rendered":"\n<p><span style=\"color: #000000;\"><\/span><\/p>\n\n\n\n<figure class=\"wp-block-table is-style-stripes\"><table><tbody><tr><td><strong><span class=\"has-inline-color has-black-color\">Kuhar \/ Kuharice<\/span><\/strong><\/td><\/tr><tr><td><strong><span class=\"has-inline-color has-black-color\">Ime<\/span><\/strong><\/td><td><strong><span class=\"has-inline-color has-black-color\">Priimek<\/span><\/strong><\/td><\/tr><tr><td>Vesna<\/td><td>\u0160art<\/td><\/tr><tr><td>Anica<\/td><td>Ka\u0161nik \u010cas<\/td><\/tr><tr><td>Darja<\/td><td>Praznik<\/td><\/tr><tr><td>Marja<\/td><td>Goljat<\/td><\/tr><tr><td>Aleksander<\/td><td>\u010cede<\/td><\/tr><tr><td>Lucija<\/td><td>Korat<\/td><\/tr><tr><td>Maja<\/td><td>Razgor\u0161ek<\/td><\/tr><tr><td>Sonja<\/td><td>Nenadic<\/td><\/tr><tr><td><\/td><td><\/td><\/tr><tr><td><strong><span class=\"has-inline-color has-black-color\">\u010cistilke<\/span><\/strong><\/td><td><\/td><\/tr><tr><td><strong><span class=\"has-inline-color has-black-color\">Ime&nbsp;<\/span><\/strong><\/td><td><strong><span class=\"has-inline-color has-black-color\">Priimek<\/span><\/strong><\/td><\/tr><tr><td>Danica<\/td><td>Ditinger<\/td><\/tr><tr><td>Karmen<\/td><td>Bo\u017ei\u010d<\/td><\/tr><tr><td>Marija<\/td><td>Su\u0161ec<\/td><\/tr><tr><td>Marina<\/td><td>Tatic<\/td><\/tr><tr><td>Suzana<\/td><td>\u0160taleker<\/td><\/tr><tr><td>Alenka<\/td><td>Ur\u0161nik<\/td><\/tr><tr><td>Marina<\/td><td>Kondi\u0107<\/td><\/tr><tr><td><\/td><td><\/td><\/tr><tr><td><strong><span class=\"has-inline-color has-black-color\">Hi\u0161niki<\/span><\/strong><\/td><td><\/td><\/tr><tr><td><span class=\"has-inline-color has-black-color\"><strong>Ime<\/strong><\/span><\/td><td><strong><span class=\"has-inline-color has-black-color\">Priimek<\/span><\/strong><\/td><\/tr><tr><td>Mihael<\/td><td>Pe\u010dovnik<\/td><\/tr><tr><td>Marko<\/td><td>P\u0161eni\u010dnik<\/td><\/tr><tr><td>Uro\u0161<\/td><td>Linasi<\/td><\/tr><\/tbody><\/table><\/figure>\n","protected":false},"excerpt":{"rendered":"<p>Kuhar \/ Kuharice Ime Priimek Vesna \u0160art Anica Ka\u0161nik \u010cas Darja Praznik Marja Goljat Aleksander \u010cede Lucija Korat Maja Razgor\u0161ek Sonja Nenadic \u010cistilke Ime&nbsp; Priimek Danica Ditinger Karmen Bo\u017ei\u010d Marija Su\u0161ec Marina Tatic Suzana \u0160taleker Alenka Ur\u0161nik Marina Kondi\u0107 Hi\u0161niki Ime Priimek Mihael Pe\u010dovnik Marko P\u0161eni\u010dnik Uro\u0161 Linasi<\/p>\n","protected":false},"author":1,"featured_media":0,"parent":0,"menu_order":0,"comment_status":"closed","ping_status":"closed","template":"","meta":{"ngg_post_thumbnail":0},"_links":{"self":[{"href":"https:\/\/www.os-dravograd.si\/index.php\/wp-json\/wp\/v2\/pages\/1464"}],"collection":[{"href":"https:\/\/www.os-dravograd.si\/index.php\/wp-json\/wp\/v2\/pages"}],"about":[{"href":"https:\/\/www.os-dravograd.si\/index.php\/wp-json\/wp\/v2\/types\/page"}],"author":[{"embeddable":true,"href":"https:\/\/www.os-dravograd.si\/index.php\/wp-json\/wp\/v2\/users\/1"}],"replies":[{"embeddable":true,"href":"https:\/\/www.os-dravograd.si\/index.php\/wp-json\/wp\/v2\/comments?post=1464"}],"version-history":[{"count":9,"href":"https:\/\/www.os-dravograd.si\/index.php\/wp-json\/wp\/v2\/pages\/1464\/revisions"}],"predecessor-version":[{"id":9192,"href":"https:\/\/www.os-dravograd.si\/index.php\/wp-json\/wp\/v2\/pages\/1464\/revisions\/9192"}],"wp:attachment":[{"href":"https:\/\/www.os-dravograd.si\/index.php\/wp-json\/wp\/v2\/media?parent=1464"}],"curies":[{"name":"wp","href":"https:\/\/api.w.org\/{rel}","templated":true}]}}