{"id":1565,"date":"2020-11-01T10:13:48","date_gmt":"2020-11-01T09:13:48","guid":{"rendered":"http:\/\/92.244.88.147\/wordpress\/?page_id=1565"},"modified":"2020-11-01T10:13:48","modified_gmt":"2020-11-01T09:13:48","slug":"ps-trbonje","status":"publish","type":"page","link":"https:\/\/www.os-dravograd.si\/index.php\/ps-trbonje\/","title":{"rendered":"P\u0160 TRBONJE"},"content":{"rendered":"<table>\n<tbody>\n<tr>\n<th><span style=\"color: #000000;\">Podru\u017eni\u010dna \u0161ola Trbonje,<\/span><br \/>\n<span style=\"color: #000000;\">Trbonje 26,<\/span><br \/>\n<span style=\"color: #000000;\">2371 Trbonje.<\/span><br \/>\n<span style=\"color: #000000;\">Tel.: 02 878 85 51<\/span><br \/>\n<span style=\"color: #000000;\">Vodja \u0161ole: Vesna \u0160mon<\/span><\/th>\n<th><img loading=\"lazy\" class=\"alignnone size-medium wp-image-1566\" src=\"http:\/\/92.244.88.147\/wordpress\/wp-content\/uploads\/2020\/11\/ps-trbonje-300x189.jpg\" alt=\"\" width=\"300\" height=\"189\" srcset=\"https:\/\/www.os-dravograd.si\/wp-content\/uploads\/2020\/11\/ps-trbonje-300x189.jpg 300w, https:\/\/www.os-dravograd.si\/wp-content\/uploads\/2020\/11\/ps-trbonje.jpg 320w\" sizes=\"(max-width: 300px) 100vw, 300px\" \/><\/th>\n<\/tr>\n<\/tbody>\n<\/table>\n<p><span style=\"color: #000000;\">Iz ohranjenih cerkvenih listin izvemo, da segajo prvi za\u010detki izobra\u017eevanja trbonjskih otrok \u017ee v leto 1822. Pouk je potekal v stari, na pol podrti leseni me\u017enariji, prvi u\u010ditelji so bili me\u017enarji in organisti pa tudi \u017eupniki. Leta 1850 je bil pouk v \u017eupni\u0161\u010du. Ohranjeni so podatki, da je od leta 1840 do 1865 delovala nedeljska \u0161ola. Redno \u0161olo so ustanovili z odlokom de\u017eelnega \u0161olskega sveta v Gradcu oktobra 1860. Z rednim poukom so pri\u010deli \u0161ele leta 1865, ko so zgradili \u0161olsko poslopje z enim razredom na mesto podrte lesene me\u017enarije. Ker ni bilo stanovanja za u\u010ditelja, so se le-ti neprestano menjavali, tudi po letu 1875, ko so zadnje dozidali pri \u0161oli skromno stanovanje. Z odlokom cerkvenega \u0161olskega sveta v Gradcu, dne 31. 8. 1891, se \u0161ola raz\u0161iri v dvorazrednico. Novo \u0161olo so za\u010deli gradit leta 1899. 7. decembra 1900 je bila sve\u010dana otvoritev in 2. januarja 1901 so se u\u010denci in u\u010ditelji preselili v nove prostore. \u0160ola je bila lepa, svetla in prostorna. Imela je tri razrede, u\u010diteljevo stanovanje z dvema sobama in kuhinjo. 30. januarja 1927 se raz\u0161iri v trirazrednico. U\u010dilnico so pridobili z odstranitvijo stene med pisarno in stanovanjem u\u010diteljice. Staro \u0161olo so zato morali preurediti v stanovanje. Druga svetovna vojna je trbonjske otroke silno prizadela. Nem\u0161ki u\u010ditelji so se neprestano menjavali, vsi so jih \u017eeleli \u010dimprej potuj\u010diti. Partizani so 22. februarja 1944 v \u0161oli priredili velik miting, potem pa so jo po\u017egali. Ljudem so strogo prepovedali po\u0161iljati otroke v nem\u0161ko \u0161olo. Nem\u0161ki u\u010ditelji so od\u0161li in do osvoboditve v Trbonjah ni bilo ve\u010d rednega pouka.<\/span><\/p>\n<p><span style=\"color: #000000;\">Po vojni je bil pouk najprej organiziran dopoldne in popoldne v stari \u0161oli, kasneje tudi v sobi pri Otmarju Lauku &#8211; Helblu. Po odloku ministrstva za prosveto ljudske republike Slovenije je postala \u0161ola 28. februarja 1947 \u0161tirirazrednica. \u010ceprav so se prvi za\u010detki obnove \u0161ole za\u010deli \u017ee prvo leto po vojni , so jo zaradi razli\u010dnih vzrokov kon\u010dali \u0161ele po petih letih. Slavnostna otvoritev obnovljene \u0161ole je bila 30. avgusta 1950.U\u010ditelji so pou\u010devali kombinirano v treh oddelkih.U\u010denci , ki so si \u017eeleli pridobiti bolj\u0161o osnovo za nadaljnje \u0161olanje, so odhajali po \u010detrtem razredu v ni\u017ejo gimnazijo v Vuzenico, Slovenj Gradec, Ravne, po letu 1958 tudi v Dravogradu. Leta 1972 so za\u010deli uvajati predmetni pouk na vi\u0161ji stopnji, pou\u010devali so u\u010ditelji dravograjske \u0161ole. V \u0161olskem letu 1976\/77 so pre\u0161olali v Dravograd sedmi in osmi, naslednje leto pa \u0161e peti in \u0161esti razred. V Trbonjah so ostali trije oddelki s tremi u\u010diteljicami. Od leta 1891 sta dva kombinirana oddelka 1., 2. in 3., 4. razred, z dvema u\u010diteljicama.\u0160olo so postopoma obnavljali.Leta 1973 so uredili centralno kurjavo, ki je zamenjala stare glinaste pe\u010di, nekdanje stanovanje upravitelja so preuredili v u\u010dilnico za VVZ, olep\u0161ali so okolico \u0161ole &#8211; tu je sedaj igri\u0161\u010de z igrali, v letu 1989 pa so jo popolnoma prenovili.<\/span><\/p>\n<p>&nbsp;<\/p>\n","protected":false},"excerpt":{"rendered":"<p>Podru\u017eni\u010dna \u0161ola Trbonje, Trbonje 26, 2371 Trbonje. Tel.: 02 878 85 51 Vodja \u0161ole: Vesna \u0160mon Iz ohranjenih cerkvenih listin izvemo, da segajo prvi za\u010detki izobra\u017eevanja trbonjskih otrok \u017ee v leto 1822. Pouk je potekal v stari, na pol podrti leseni me\u017enariji, prvi u\u010ditelji so bili me\u017enarji in organisti pa tudi \u017eupniki. Leta 1850 je [&hellip;]<\/p>\n","protected":false},"author":1,"featured_media":0,"parent":0,"menu_order":0,"comment_status":"closed","ping_status":"closed","template":"","meta":{"ngg_post_thumbnail":0},"_links":{"self":[{"href":"https:\/\/www.os-dravograd.si\/index.php\/wp-json\/wp\/v2\/pages\/1565"}],"collection":[{"href":"https:\/\/www.os-dravograd.si\/index.php\/wp-json\/wp\/v2\/pages"}],"about":[{"href":"https:\/\/www.os-dravograd.si\/index.php\/wp-json\/wp\/v2\/types\/page"}],"author":[{"embeddable":true,"href":"https:\/\/www.os-dravograd.si\/index.php\/wp-json\/wp\/v2\/users\/1"}],"replies":[{"embeddable":true,"href":"https:\/\/www.os-dravograd.si\/index.php\/wp-json\/wp\/v2\/comments?post=1565"}],"version-history":[{"count":0,"href":"https:\/\/www.os-dravograd.si\/index.php\/wp-json\/wp\/v2\/pages\/1565\/revisions"}],"wp:attachment":[{"href":"https:\/\/www.os-dravograd.si\/index.php\/wp-json\/wp\/v2\/media?parent=1565"}],"curies":[{"name":"wp","href":"https:\/\/api.w.org\/{rel}","templated":true}]}}