{"id":1734,"date":"2020-11-02T10:29:08","date_gmt":"2020-11-02T09:29:08","guid":{"rendered":"http:\/\/92.244.88.147\/wordpress\/?page_id=1734"},"modified":"2020-11-02T19:21:33","modified_gmt":"2020-11-02T18:21:33","slug":"koticek-za-odrasle-uporabni-nasveti-za-starse","status":"publish","type":"page","link":"https:\/\/www.os-dravograd.si\/index.php\/koticek-za-odrasle-uporabni-nasveti-za-starse\/","title":{"rendered":"KOTI\u010cEK ZA ODRASLE &#8211; UPORABNI NASVETI ZA STAR\u0160E"},"content":{"rendered":"<section class=\"article-intro clearfix\">\n<h1>6 stvari, ki bi jih star\u0161i morali povedati svojim najstnikom<\/h1>\n<div><\/div>\n<div><a href=\"https:\/\/www.iskreni.net\/vsebine\/druzina\/6-stvari-ki-bi-jih-starsi-morali-pogosto-povedati-svojim-najstnikom\" target=\"_blank\" rel=\"noopener noreferrer\" data-saferedirecturl=\"https:\/\/www.google.com\/url?q=https:\/\/www.iskreni.net\/vsebine\/druzina\/6-stvari-ki-bi-jih-starsi-morali-pogosto-povedati-svojim-najstnikom&amp;source=gmail&amp;ust=1604427768630000&amp;usg=AFQjCNFZa0BCgLJ-fnhKOyU9BSPhuXazNw\">https:\/\/www.iskreni.net\/<wbr>vsebine\/druzina\/6-stvari-ki-<wbr>bi-jih-starsi-morali-pogosto-<wbr>povedati-svojim-najstnikom<\/a><\/div>\n<h1>Ko otrok izbira \u0161olo in poklic: kako mu lahko koristimo?<\/h1>\n<p><a href=\"https:\/\/www.youtube.com\/watch?v=vb4DfzJbKVY\">https:\/\/www.youtube.com\/watch?v=vb4DfzJbKVY<\/a><\/p>\n<h1>Kako karanteno do\u017eivljajo otroci in kako jim lahko pri tem pomagamo?<\/h1>\n<p><a href=\"https:\/\/www.youtube.com\/watch?v=kwHzWt4vnHw\">https:\/\/www.youtube.com\/watch?v=kwHzWt4vnHw<\/a><\/p>\n<h1>Infodrom: SVIT in ORGANIZACIJA \u010cASA- \u0160OLA NA DALJAVO<\/h1>\n<p><a href=\"https:\/\/www.youtube.com\/watch?v=4wjewKTp2sw\">https:\/\/www.youtube.com\/watch?v=4wjewKTp2sw<\/a><\/p>\n<h1>Infodrom: Otroci s posebnimi potrebami in \u0161ola na daljavo<\/h1>\n<p><a href=\"https:\/\/www.youtube.com\/watch?v=KJQmHo8TmGY\">https:\/\/www.youtube.com\/watch?v=KJQmHo8TmGY<\/a><\/p>\n<h1>NASVETI ZA ZDRAVJE: U\u010dinki koronavirusa, psihologinja Polona \u010cernigoj<\/h1>\n<p><a href=\"https:\/\/www.youtube.com\/watch?v=hcxiBNGQRY4\">https:\/\/www.youtube.com\/watch?v=hcxiBNGQRY4<\/a><\/p>\n<h1>So posledice izolacije na du\u0161evno zdravje huj\u0161e od korone?! 1. del; A. Poljanec, M. Tu\u0161ak, M. Mo\u017eina<\/h1>\n<p><a href=\"https:\/\/www.youtube.com\/watch?v=pt8v-BuMpmg\">https:\/\/www.youtube.com\/watch?v=pt8v-BuMpmg<\/a><\/p>\n<h1>So posledice izolacije na du\u0161evno zdravje huj\u0161e od korone?! 2. del<\/h1>\n<p><a href=\"https:\/\/www.youtube.com\/watch?v=R0waxc1ZveQ\">https:\/\/www.youtube.com\/watch?v=R0waxc1ZveQ<\/a><\/p>\n<h1>\u017divljenje v izolaciji \u2013 darilo ali pekel? Amina Mehanovi\u0107<\/h1>\n<p><a href=\"https:\/\/www.youtube.com\/watch?v=o7_D4I9Xqsg\">https:\/\/www.youtube.com\/watch?v=o7_D4I9Xqsg<\/a><\/p>\n<h1>Kako obnoviti &#8220;skurjene&#8221; mo\u017egane? Sanja Lon\u010dar<\/h1>\n<p><a href=\"https:\/\/www.youtube.com\/watch?v=HI7Si4a5-f0\">https:\/\/www.youtube.com\/watch?v=HI7Si4a5-f0<\/a><\/p>\n<h1>Bitka za branje in pisanje: Marko Juhant at TEDxParkTivoliED<\/h1>\n<h1><a href=\"https:\/\/www.youtube.com\/watch?v=3KxsKiaNmoU\">https:\/\/www.youtube.com\/watch?v=3KxsKiaNmoU<\/a><\/h1>\n<h1>Kako raziskovati du\u0161ni svet in duhovno rasti? Martina Veseljko<\/h1>\n<h1><a href=\"https:\/\/www.youtube.com\/watch?v=e_hpuy9yDBM\">https:\/\/www.youtube.com\/watch?v=e_hpuy9yDBM<\/a><\/h1>\n<h1>Marko Juhant &#8211; Vzgajati za \u017eivljenje<\/h1>\n<p><a href=\"https:\/\/www.youtube.com\/watch?v=hyy_pdCeMBI\">https:\/\/www.youtube.com\/watch?v=hyy_pdCeMBI<\/a><\/p>\n<h1>5 nasvetov za bolj\u0161e dru\u017einske odnose; Sa\u0161a Einsiedler<\/h1>\n<p><a href=\"https:\/\/www.youtube.com\/watch?v=Bh9T5zXCRAo\">https:\/\/www.youtube.com\/watch?v=Bh9T5zXCRAo<\/a><\/p>\n<h1>(VE\u010cER V \u017dIVO) Dr. Sebastjan Kristovi\u010d: Vzgoja &#8211; priprava otroka za \u017eivljenje<\/h1>\n<p><a href=\"https:\/\/www.youtube.com\/watch?v=2DWg8OArXRg\">https:\/\/www.youtube.com\/watch?v=2DWg8OArXRg<\/a><\/p>\n<h1>Usodni vpliv otro\u0161tva na odraslo \u017eivljenje in odnose; Amina Mehanovi\u0107<\/h1>\n<p><a href=\"https:\/\/www.youtube.com\/watch?v=EJyVGbClDdA\">https:\/\/www.youtube.com\/watch?v=EJyVGbClDdA<\/a><\/p>\n<h1>Igra \u017eivljenja in kako jo igrati? (Ter problem krize identitete) Edita Tomi\u010d<\/h1>\n<h1><a href=\"https:\/\/www.youtube.com\/watch?v=kOGCLHIjziI\">https:\/\/www.youtube.com\/watch?v=kOGCLHIjziI<\/a><\/h1>\n<h1>Kako se osvoboditi strupenih odnosov? Amina Mehanovi\u0107<\/h1>\n<p><a href=\"https:\/\/www.youtube.com\/watch?v=mqF96TK9bFs\">https:\/\/www.youtube.com\/watch?v=mqF96TK9bFs<\/a><\/p>\n<\/section>\n","protected":false},"excerpt":{"rendered":"<p>6 stvari, ki bi jih star\u0161i morali povedati svojim najstnikom https:\/\/www.iskreni.net\/vsebine\/druzina\/6-stvari-ki-bi-jih-starsi-morali-pogosto-povedati-svojim-najstnikom Ko otrok izbira \u0161olo in poklic: kako mu lahko koristimo? https:\/\/www.youtube.com\/watch?v=vb4DfzJbKVY Kako karanteno do\u017eivljajo otroci in kako jim lahko pri tem pomagamo? https:\/\/www.youtube.com\/watch?v=kwHzWt4vnHw Infodrom: SVIT in ORGANIZACIJA \u010cASA- \u0160OLA NA DALJAVO https:\/\/www.youtube.com\/watch?v=4wjewKTp2sw Infodrom: Otroci s posebnimi potrebami in \u0161ola na daljavo https:\/\/www.youtube.com\/watch?v=KJQmHo8TmGY NASVETI ZA [&hellip;]<\/p>\n","protected":false},"author":1,"featured_media":0,"parent":0,"menu_order":0,"comment_status":"closed","ping_status":"closed","template":"","meta":{"ngg_post_thumbnail":0},"_links":{"self":[{"href":"https:\/\/www.os-dravograd.si\/index.php\/wp-json\/wp\/v2\/pages\/1734"}],"collection":[{"href":"https:\/\/www.os-dravograd.si\/index.php\/wp-json\/wp\/v2\/pages"}],"about":[{"href":"https:\/\/www.os-dravograd.si\/index.php\/wp-json\/wp\/v2\/types\/page"}],"author":[{"embeddable":true,"href":"https:\/\/www.os-dravograd.si\/index.php\/wp-json\/wp\/v2\/users\/1"}],"replies":[{"embeddable":true,"href":"https:\/\/www.os-dravograd.si\/index.php\/wp-json\/wp\/v2\/comments?post=1734"}],"version-history":[{"count":0,"href":"https:\/\/www.os-dravograd.si\/index.php\/wp-json\/wp\/v2\/pages\/1734\/revisions"}],"wp:attachment":[{"href":"https:\/\/www.os-dravograd.si\/index.php\/wp-json\/wp\/v2\/media?parent=1734"}],"curies":[{"name":"wp","href":"https:\/\/api.w.org\/{rel}","templated":true}]}}