{"id":1790,"date":"2020-11-02T12:43:18","date_gmt":"2020-11-02T11:43:18","guid":{"rendered":"http:\/\/92.244.88.147\/wordpress\/?page_id=1790"},"modified":"2020-11-02T12:43:18","modified_gmt":"2020-11-02T11:43:18","slug":"solske-potrebscine","status":"publish","type":"page","link":"https:\/\/www.os-dravograd.si\/index.php\/solske-potrebscine\/","title":{"rendered":"\u0160OLSKE POTREB\u0160\u010cINE"},"content":{"rendered":"\n<script type=\"text\/x-handlebars-template\" id=\"wpfd-template-ggd-box\">    {{#with file}}    <div class=\"dropblock wpfd-content\">        <a href=\"#\" class=\"wpfd-close\"><\/a>        <div class=\"filecontent\">            {{#if file_custom_icon}}                    <div class=\"icon-custom\"><img src=\"{{file_custom_icon}}\"><\/div>                    {{else}}                    <div class=\"ext ext-{{ext}}\"><span class=\"txt\">{{ext}}<\/span><\/div>                    {{\/if}}<h3><a href=\"{{linkdownload}}\" class=\"wpfd_downloadlink\" title=\"{{post_title}}\">{{{crop_title}}}<\/a><\/h3>            <div class=\"wpfd-extra\">                {{#if description}}<div class=\"file-desc\">{{{description}}}<\/div>{{\/if}}{{#if versionNumber}}<div class=\"file-version\"><span>Version:<\/span> {{versionNumber}}<\/div>{{\/if}}<div class=\"file-size\"><span>Size:<\/span> {{bytesToSize size}}<\/div><div class=\"file-hits\"><span>Hits:<\/span> {{hits}}<\/div><div class=\"file-dated\"><span>Date added:<\/span> {{created}}<\/div>            <\/div>        <\/div>        <div class=\"extra-downloadlink\"><a class=\"downloadlink wpfd_downloadlink\"  href=\"{{linkdownload}}\" style=\"background-color:#76bc58;color:#ffffff;\">Shrani<i class=\"zmdi zmdi-cloud-download wpfd-download\"><\/i><\/a>{{#if openpdflink}}<a class=\"openlink wpfdlightbox wpfd_previewlink\" href=\"{{openpdflink}}\" target=\"\">Predogled                            <i class=\"zmdi zmdi-filter-center-focus wpfd-preview\"><\/i>                        <\/a>{{else}}{{#if viewerlink}}<a                            href=\"{{viewerlink}}\"                            class=\"openlink wpfdlightbox wpfd_previewlink\"                            target=\"\"                            data-id=\"{{ID}}\"                            data-catid=\"{{catid}}\"                            data-file-type=\"{{ext}}\">Predogled<i class=\"zmdi zmdi-filter-center-focus wpfd-preview\"><\/i>                        <\/a>{{\/if}}{{\/if}}<\/div>    <\/div>    {{\/with}}<\/script><script type=\"text\/x-handlebars-template\" id=\"wpfd-template-ggd-categories\">    <div class=\"wpfd-categories\">{{#if category}}{{#with category}}<h2>{{name}}<\/h2>{{#if parent}}<a class=\"catlink backcategory\" href=\"#\" data-idcat=\"{{parent}}\">                        <i class=\"zmdi zmdi-chevron-left\"><\/i><span>Back<\/span><\/a>{{\/if}}{{\/with}}{{\/if}}<\/div><\/script><script type=\"text\/x-handlebars-template\" id=\"wpfd-template-ggd-files\">    {{#if files}}    <div class=\"wpfd_list\">        {{#each files}}        <div class=\"file\" style=\"margin : 10px 10px 10px 10px;\"><a class=\"wpfd-file-link\" href=\"#\" data-category_id=\"{{catid}}\" data-id=\"{{ID}}\"><div class=\"dropblock\">{{#if file_custom_icon}}                    <div class=\"icon-custom\"><img src=\"{{file_custom_icon}}\"><\/div>                    {{else}}                    <div class=\"ext ext-{{ext}}\"><span class=\"txt\">{{ext}}<\/span><\/div>                    {{\/if}}<\/div><div class=\"droptitle\">{{{crop_title}}}<\/div><\/a><\/div>        {{\/each}}    <\/div>    {{\/if}}<\/script><div class=\"wpfd-content wpfd-content-ggd wpfd-content-multi\" data-category=\"131\"><input type=\"hidden\" id=\"current_category_131\" value=\"131\" \/>                    <input type=\"hidden\" id=\"current_category_slug_131\" value=\"solske-potrebscine\" \/>                    <input type=\"hidden\" id=\"current_ordering_131\" value=\"title\" \/>                    <input type=\"hidden\" id=\"current_ordering_direction_131\" value=\"asc\" \/><ul class=\"breadcrumbs wpfd-breadcrumbs-ggd head-category-ggd\">                            <li class=\"active\">\u0160OLSKE POTREB\u0160\u010cINE<\/li>                        <\/ul><div class=\"wpfd-container\">        <div class=\"wpfd-open-tree\"><\/div>    <div class=\"wpfd-col wpfd-container-ggd \">            <div class=\"wpfd-categories\"><h2>\u0160OLSKE POTREB\u0160\u010cINE<\/h2><\/div>                            <div class=\"wpfd_list\">                                            <div class=\"file\" style=\"margin : 10px 10px 10px 10px;\"><a class=\"wpfd-file-link\" href=\"#\" data-category_id=\"131\" data-id=\"9183\"><div class=\"dropblock\"><div class=\"ext ext-pdf\"><span class=\"txt\">pdf<\/div><\/div><div class=\"droptitle\">1.razred-mati\u010dna \u0161ola<\/div><\/a><\/div>                                            <div class=\"file\" style=\"margin : 10px 10px 10px 10px;\"><a class=\"wpfd-file-link\" href=\"#\" data-category_id=\"131\" data-id=\"9179\"><div class=\"dropblock\"><div class=\"ext ext-pdf\"><span class=\"txt\">pdf<\/div><\/div><div class=\"droptitle\">2.razred-mati\u010dna \u0161ola<\/div><\/a><\/div>                                            <div class=\"file\" style=\"margin : 10px 10px 10px 10px;\"><a class=\"wpfd-file-link\" href=\"#\" data-category_id=\"131\" data-id=\"9182\"><div class=\"dropblock\"><div class=\"ext ext-pdf\"><span class=\"txt\">pdf<\/div><\/div><div class=\"droptitle\">3.razred-mati\u010dna \u0161ola<\/div><\/a><\/div>                                            <div class=\"file\" style=\"margin : 10px 10px 10px 10px;\"><a class=\"wpfd-file-link\" href=\"#\" data-category_id=\"131\" data-id=\"9181\"><div class=\"dropblock\"><div class=\"ext ext-pdf\"><span class=\"txt\">pdf<\/div><\/div><div class=\"droptitle\">4.razred-mati\u010dna \u0161ola<\/div><\/a><\/div>                                            <div class=\"file\" style=\"margin : 10px 10px 10px 10px;\"><a class=\"wpfd-file-link\" href=\"#\" data-category_id=\"131\" data-id=\"9180\"><div class=\"dropblock\"><div class=\"ext ext-pdf\"><span class=\"txt\">pdf<\/div><\/div><div class=\"droptitle\">5.razred-mati\u010dna \u0161ola<\/div><\/a><\/div>                                            <div class=\"file\" style=\"margin : 10px 10px 10px 10px;\"><a class=\"wpfd-file-link\" href=\"#\" data-category_id=\"131\" data-id=\"5105\"><div class=\"dropblock\"><div class=\"ext ext-pdf\"><span class=\"txt\">pdf<\/div><\/div><div class=\"droptitle\">Seznam \u0161olskih potreb\u0161\u010din O\u0160 Dravograd<\/div><\/a><\/div>                                            <div class=\"file\" style=\"margin : 10px 10px 10px 10px;\"><a class=\"wpfd-file-link\" href=\"#\" data-category_id=\"131\" data-id=\"5106\"><div class=\"dropblock\"><div class=\"ext ext-pdf\"><span class=\"txt\">pdf<\/div><\/div><div class=\"droptitle\">Seznam \u0161olskih potreb\u0161\u010din P\u0160 Libeli\u010de.doc<\/div><\/a><\/div>                                            <div class=\"file\" style=\"margin : 10px 10px 10px 10px;\"><a class=\"wpfd-file-link\" href=\"#\" data-category_id=\"131\" data-id=\"5103\"><div class=\"dropblock\"><div class=\"ext ext-pdf\"><span class=\"txt\">pdf<\/div><\/div><div class=\"droptitle\">Seznam \u0161olskih potreb\u0161\u010din P\u0160 Ojstrica.docx<\/div><\/a><\/div>                                            <div class=\"file\" style=\"margin : 10px 10px 10px 10px;\"><a class=\"wpfd-file-link\" href=\"#\" data-category_id=\"131\" data-id=\"5104\"><div class=\"dropblock\"><div class=\"ext ext-pdf\"><span class=\"txt\">pdf<\/div><\/div><div class=\"droptitle\">Seznam \u0161olskih potreb\u0161\u010din P\u0160 Trbonje.docx<\/div><\/a><\/div>                                            <div class=\"file\" style=\"margin : 10px 10px 10px 10px;\"><a class=\"wpfd-file-link\" href=\"#\" data-category_id=\"131\" data-id=\"5102\"><div class=\"dropblock\"><div class=\"ext ext-pdf\"><span class=\"txt\">pdf<\/div><\/div><div class=\"droptitle\">Seznam \u0161olskih potreb\u0161\u010din P\u0160 \u010crne\u010de<\/div><\/a><\/div>                                    <\/div>                    <\/div><\/div><\/div>\n","protected":false},"excerpt":{"rendered":"\u0160OLSKE POTREB\u0160\u010cINE \u0160OLSKE POTREB\u0160\u010cINE pdf1.razred-mati\u010dna \u0161ola pdf2.razred-mati\u010dna \u0161ola pdf3.razred-mati\u010dna \u0161ola pdf4.razred-mati\u010dna \u0161ola pdf5.razred-mati\u010dna \u0161ola pdfSeznam \u0161olskih potreb\u0161\u010din O\u0160 Dravograd pdfSeznam \u0161olskih potreb\u0161\u010din P\u0160 Libeli\u010de.doc pdfSeznam \u0161olskih potreb\u0161\u010din P\u0160 Ojstrica.docx pdfSeznam \u0161olskih potreb\u0161\u010din P\u0160 Trbonje.docx pdfSeznam \u0161olskih potreb\u0161\u010din P\u0160 \u010crne\u010de","protected":false},"author":1,"featured_media":0,"parent":0,"menu_order":0,"comment_status":"closed","ping_status":"closed","template":"","meta":{"ngg_post_thumbnail":0},"_links":{"self":[{"href":"https:\/\/www.os-dravograd.si\/index.php\/wp-json\/wp\/v2\/pages\/1790"}],"collection":[{"href":"https:\/\/www.os-dravograd.si\/index.php\/wp-json\/wp\/v2\/pages"}],"about":[{"href":"https:\/\/www.os-dravograd.si\/index.php\/wp-json\/wp\/v2\/types\/page"}],"author":[{"embeddable":true,"href":"https:\/\/www.os-dravograd.si\/index.php\/wp-json\/wp\/v2\/users\/1"}],"replies":[{"embeddable":true,"href":"https:\/\/www.os-dravograd.si\/index.php\/wp-json\/wp\/v2\/comments?post=1790"}],"version-history":[{"count":0,"href":"https:\/\/www.os-dravograd.si\/index.php\/wp-json\/wp\/v2\/pages\/1790\/revisions"}],"wp:attachment":[{"href":"https:\/\/www.os-dravograd.si\/index.php\/wp-json\/wp\/v2\/media?parent=1790"}],"curies":[{"name":"wp","href":"https:\/\/api.w.org\/{rel}","templated":true}]}}