{"id":1842,"date":"2020-11-02T13:49:04","date_gmt":"2020-11-02T12:49:04","guid":{"rendered":"http:\/\/92.244.88.147\/wordpress\/?page_id=1842"},"modified":"2020-12-09T13:22:12","modified_gmt":"2020-12-09T12:22:12","slug":"sola-na-daljavo","status":"publish","type":"page","link":"https:\/\/www.os-dravograd.si\/index.php\/sola-na-daljavo\/","title":{"rendered":"\u0160OLA NA DALJAVO"},"content":{"rendered":"<p style=\"text-align: left;\"><span style=\"color: #00b0f0; font-size: 12pt;\">\u010casi, ki so pred nami so precej negotovi, predvsem v smislu poteka covid-19 situacije, zato tudi svoja \u017eivljenja prilagajamo sprotni situaciji, v skladu z navodili NIJZ. \u010cas, ko je pouk potekal na daljavo, se lahko morebiti zopet dogodi, zato nekaj smernic na to temo:<\/span><\/p>\n<ul style=\"text-align: justify;\">\n<li><span style=\"color: red; font-size: 12pt;\">Zavedati se dejstva, da to niso po\u010ditnice.<\/span><\/li>\n<li><span style=\"color: #ff3399; font-size: 12pt;\">Biti v stiku z razrednikom s pomo\u010djo vzpostavljene komunikacije v spletni ali telefonski obliki.<\/span><\/li>\n<li><span style=\"color: #00b050; font-size: 12pt;\">Sprejeti obveznosti, zadol\u017eitve \u2013 aktiven pristop.<\/span><\/li>\n<li><span style=\"color: #0070c0; font-size: 12pt;\">A\u017eurno delo, vsak dan sproti, da se u\u010dna snov in naloge ne nakopi\u010dijo.<\/span><\/li>\n<li><span style=\"color: #7030a0; font-size: 12pt;\">Star\u0161i redno spremljajte \u0161olsko delo, preglejte, preverite, \u010de so naloge opravljene. Imejte nadzor nad \u0161olskim udejstvovanjem svojega otroka (v skladu z njegovo starostjo in kompetencami).<\/span><\/li>\n<li><span style=\"color: #ff3399; font-size: 12pt;\">\u010casa je dovolj \u2013 tako za obveznosti, u\u010denje, delo kot za sprostitev in hobije.<\/span><\/li>\n<li><span style=\"color: aqua; font-size: 12pt;\">Potrebno si je ustrezno in smiselno organizirati \u010das in \u017eivljenje.<\/span><\/li>\n<li><span style=\"color: #7030a0; font-size: 12pt;\">Priporo\u010dljivo je lo\u010diti \u010das namenjen u\u010denju, \u0161olskemu delu in \u010das namenjen sprostitvi, hobijem. \u010cim manj me\u0161anja teh \u010dasov, saj lahko to vodi do prepirov.<\/span><\/li>\n<li><span style=\"color: #00b050; font-size: 12pt;\">Otroke vklju\u010dimo tudi v dejavnosti doma\u010dih opravil. Na\u010drtujte raznovrstna ustvarjanja (ustvarjalna, kulinari\u010dna, umetni\u0161ka\u2026) za katera druga\u010de ni \u010dasa.<\/span><\/li>\n<li><span style=\"color: aqua; font-size: 12pt;\">Poskrbimo, da bo \u010das, ki nam je dan, namenjen tudi in predvsem ustvarjanju ter vzdr\u017eevanju pozitivnih medosebnih odnosov.<\/span><\/li>\n<li><span style=\"color: #ff3399; font-size: 12pt;\">Naj bo dom napolnjen s pozitivno in ustvarjalno energijo.<\/span><\/li>\n<\/ul>\n","protected":false},"excerpt":{"rendered":"<p>\u010casi, ki so pred nami so precej negotovi, predvsem v smislu poteka covid-19 situacije, zato tudi svoja \u017eivljenja prilagajamo sprotni situaciji, v skladu z navodili NIJZ. \u010cas, ko je pouk potekal na daljavo, se lahko morebiti zopet dogodi, zato nekaj smernic na to temo: Zavedati se dejstva, da to niso po\u010ditnice. Biti v stiku z [&hellip;]<\/p>\n","protected":false},"author":1,"featured_media":2174,"parent":0,"menu_order":0,"comment_status":"closed","ping_status":"closed","template":"","meta":{"ngg_post_thumbnail":0},"_links":{"self":[{"href":"https:\/\/www.os-dravograd.si\/index.php\/wp-json\/wp\/v2\/pages\/1842"}],"collection":[{"href":"https:\/\/www.os-dravograd.si\/index.php\/wp-json\/wp\/v2\/pages"}],"about":[{"href":"https:\/\/www.os-dravograd.si\/index.php\/wp-json\/wp\/v2\/types\/page"}],"author":[{"embeddable":true,"href":"https:\/\/www.os-dravograd.si\/index.php\/wp-json\/wp\/v2\/users\/1"}],"replies":[{"embeddable":true,"href":"https:\/\/www.os-dravograd.si\/index.php\/wp-json\/wp\/v2\/comments?post=1842"}],"version-history":[{"count":0,"href":"https:\/\/www.os-dravograd.si\/index.php\/wp-json\/wp\/v2\/pages\/1842\/revisions"}],"wp:featuredmedia":[{"embeddable":true,"href":"https:\/\/www.os-dravograd.si\/index.php\/wp-json\/wp\/v2\/media\/2174"}],"wp:attachment":[{"href":"https:\/\/www.os-dravograd.si\/index.php\/wp-json\/wp\/v2\/media?parent=1842"}],"curies":[{"name":"wp","href":"https:\/\/api.w.org\/{rel}","templated":true}]}}