{"id":1932,"date":"2020-11-02T22:34:54","date_gmt":"2020-11-02T21:34:54","guid":{"rendered":"http:\/\/92.244.88.147\/wordpress\/?page_id=1932"},"modified":"2020-11-02T22:37:34","modified_gmt":"2020-11-02T21:37:34","slug":"google-apps","status":"publish","type":"page","link":"https:\/\/www.os-dravograd.si\/index.php\/google-apps\/","title":{"rendered":"GOOGLE APPS"},"content":{"rendered":"<p><span style=\"color: #000000;\"><\/span><\/p>\r\n<p><span style=\"color: #000000;\">\u200bNa na\u0161i osnovni \u0161oli uporabljamo Google Apps za izobra\u017eevalne ustanove (angl. Google Apps for education).<\/span><\/p>\r\n<p><span style=\"color: #000000;\">\r\n\r\n<\/span><\/p>\r\n<p><span style=\"color: #000000;\">Tako imamo vsi zaposleni in u\u010denci Google elektronski naslov.<\/span><\/p>\r\n<p><span style=\"color: #000000;\">\r\n\r\n<\/span><\/p>\r\n<p><span style=\"color: #000000;\">Zaposleni imamo naslov v obliki &#8220;ime.priimek@os-dravograd.si&#8221;,<\/span><br \/><span style=\"color: #000000;\">u\u010denci pa &#8220;imepriimek@os-dravograd.si&#8221;.<\/span><\/p>\r\n<p><span style=\"color: #000000;\">\r\n\r\n<\/span><\/p>\r\n<p><span style=\"color: #000000;\">Storitve, ki jih oz. jih lahko uporabljamo so: elektronska po\u0161ta, spletna hramba (Google Drive), dokumenti (Google Docs), preglednice, diapozitivi, obrazci, spletna mesta in u\u010dilnice.<\/span><\/p>\r\n<p><span style=\"color: #000000;\">\r\n\r\n<\/span><\/p>\r\n<p><span style=\"color: #000000;\">Zmogljiv elektronski predal, souporaba koledarjev, velika obla\u010dna shramba in dokumenti v oblaku omogo\u010dajo hitro komunikacijo, dobro \u010dasovno organizacijo, mobilnost ter dostopanje do podatkov od kjerkoli.<\/span><\/p>\r\n<p><span style=\"color: #000000;\"><\/span><\/p>","protected":false},"excerpt":{"rendered":"<p>\u200bNa na\u0161i osnovni \u0161oli uporabljamo Google Apps za izobra\u017eevalne ustanove (angl. Google Apps for education). Tako imamo vsi zaposleni in u\u010denci Google elektronski naslov. Zaposleni imamo naslov v obliki &#8220;ime.priimek@os-dravograd.si&#8221;,u\u010denci pa &#8220;imepriimek@os-dravograd.si&#8221;. Storitve, ki jih oz. jih lahko uporabljamo so: elektronska po\u0161ta, spletna hramba (Google Drive), dokumenti (Google Docs), preglednice, diapozitivi, obrazci, spletna mesta in [&hellip;]<\/p>\n","protected":false},"author":1,"featured_media":1933,"parent":0,"menu_order":0,"comment_status":"closed","ping_status":"closed","template":"","meta":{"ngg_post_thumbnail":0},"_links":{"self":[{"href":"https:\/\/www.os-dravograd.si\/index.php\/wp-json\/wp\/v2\/pages\/1932"}],"collection":[{"href":"https:\/\/www.os-dravograd.si\/index.php\/wp-json\/wp\/v2\/pages"}],"about":[{"href":"https:\/\/www.os-dravograd.si\/index.php\/wp-json\/wp\/v2\/types\/page"}],"author":[{"embeddable":true,"href":"https:\/\/www.os-dravograd.si\/index.php\/wp-json\/wp\/v2\/users\/1"}],"replies":[{"embeddable":true,"href":"https:\/\/www.os-dravograd.si\/index.php\/wp-json\/wp\/v2\/comments?post=1932"}],"version-history":[{"count":0,"href":"https:\/\/www.os-dravograd.si\/index.php\/wp-json\/wp\/v2\/pages\/1932\/revisions"}],"wp:featuredmedia":[{"embeddable":true,"href":"https:\/\/www.os-dravograd.si\/index.php\/wp-json\/wp\/v2\/media\/1933"}],"wp:attachment":[{"href":"https:\/\/www.os-dravograd.si\/index.php\/wp-json\/wp\/v2\/media?parent=1932"}],"curies":[{"name":"wp","href":"https:\/\/api.w.org\/{rel}","templated":true}]}}