{"id":1946,"date":"2020-11-02T22:59:06","date_gmt":"2020-11-02T21:59:06","guid":{"rendered":"http:\/\/92.244.88.147\/wordpress\/?page_id=1946"},"modified":"2025-02-28T10:53:39","modified_gmt":"2025-02-28T09:53:39","slug":"arnes-aai","status":"publish","type":"page","link":"https:\/\/www.os-dravograd.si\/index.php\/arnes-aai\/","title":{"rendered":"ARNES AAI"},"content":{"rendered":"<p><span style=\"color: #000000;\">Na na\u0161i \u0161oli uporabljamo tudi storitve Arnes AAI<\/span><\/p>\n<p><span style=\"color: #000000;\">Zaposleni in u\u010denci imajo tako mo\u017enost pridobiti dostop do spletne in namizne (<a href=\"https:\/\/www.os-dravograd.si\/index.php\/office-365\/\">navodila za pridobitev<\/a>) razli\u010de Microsoft Office programa imenovane Office 365.<\/span><\/p>\n<p><span style=\"color: #000000;\">Pred uporabo, se morajo uporabniki najprej prijaviti v aplikacijo Oblak 365, ki je dosegljiva na naslovu <a href=\"https:\/\/o365.arnes.si\/\">https:\/\/o365.arnes.si\/<\/a><\/span><\/p>\n<p><span style=\"color: #000000;\"><a class=\"external-link-new-window\" style=\"color: #000000;\" title=\"Opens external link in new window\" href=\"https:\/\/aai.arnes.si\/\" target=\"_blank\" rel=\"noopener noreferrer\">Arnes AAI<\/a> omogo\u010da uporabo enega uporabni\u0161kega ra\u010duna&nbsp;za dostop do razli\u010dnih spletnih storitev v slovenskem ter evropskem izobra\u017eevalnem in raziskovalnem okolju.<\/span><\/p>\n<p><span style=\"color: #000000;\">Povezuje uporabnike in storitve v celoto, kjer&nbsp;pridru\u017eene organizacije lahko same&nbsp;dodeljujete svojim \u010dlanom (\u0161tudentom, u\u010diteljem, zaposlenim, zunanjim sodelavcem \u2026) enotno&nbsp;uporabni\u0161ko ime za dostop do razli\u010dnih aplikacij.<\/span><\/p>\n<p><span style=\"color: #000000;\">Vsaka organizacija tako postane varuh osebnih podatkov svojih \u010dlanov, ponudnikom aplikacij pa se ni treba ukvarjati z dodeljevanjem uporabni\u0161kih imen ter ko\u010dljivim zbiranjem in preverjanjem podatkov o uporabnikih.<\/span><\/p>\n<p><span style=\"color: #000000;\">S \u0161iritvijo omre\u017eja <a class=\"internal-link\" style=\"color: #000000;\" title=\"Opens internal link in current window\" href=\"https:\/\/www.arnes.si\/storitve\/omrezne-storitve\/eduroam\">eduroam<\/a> je na slovenskih univerzah, knji\u017enicah in nekaterih \u0161olah \u017ee vzpostavljena potrebna infrastruktura za tak\u0161en na\u010din dostopa do spletnih storitev.<\/span><\/p>\n<p><span style=\"color: #000000;\">Ve\u010d o tehnologiji in mo\u017enosti pridru\u017eitve v federacijo ArnesAAI lahko preberete na<\/span> <a href=\"http:\/\/aai.arnes.si\/\" target=\"_blank\" rel=\"noopener noreferrer\">spletnih straneh ArnesAAI<\/a>.<\/p>\n","protected":false},"excerpt":{"rendered":"<p>Na na\u0161i \u0161oli uporabljamo tudi storitve Arnes AAI Zaposleni in u\u010denci imajo tako mo\u017enost pridobiti dostop do spletne in namizne (navodila za pridobitev) razli\u010de Microsoft Office programa imenovane Office 365. Pred uporabo, se morajo uporabniki najprej prijaviti v aplikacijo Oblak 365, ki je dosegljiva na naslovu https:\/\/o365.arnes.si\/ Arnes AAI omogo\u010da uporabo enega uporabni\u0161kega ra\u010duna&nbsp;za dostop [&hellip;]<\/p>\n","protected":false},"author":1,"featured_media":1947,"parent":0,"menu_order":0,"comment_status":"closed","ping_status":"closed","template":"","meta":{"ngg_post_thumbnail":0},"_links":{"self":[{"href":"https:\/\/www.os-dravograd.si\/index.php\/wp-json\/wp\/v2\/pages\/1946"}],"collection":[{"href":"https:\/\/www.os-dravograd.si\/index.php\/wp-json\/wp\/v2\/pages"}],"about":[{"href":"https:\/\/www.os-dravograd.si\/index.php\/wp-json\/wp\/v2\/types\/page"}],"author":[{"embeddable":true,"href":"https:\/\/www.os-dravograd.si\/index.php\/wp-json\/wp\/v2\/users\/1"}],"replies":[{"embeddable":true,"href":"https:\/\/www.os-dravograd.si\/index.php\/wp-json\/wp\/v2\/comments?post=1946"}],"version-history":[{"count":2,"href":"https:\/\/www.os-dravograd.si\/index.php\/wp-json\/wp\/v2\/pages\/1946\/revisions"}],"predecessor-version":[{"id":8053,"href":"https:\/\/www.os-dravograd.si\/index.php\/wp-json\/wp\/v2\/pages\/1946\/revisions\/8053"}],"wp:featuredmedia":[{"embeddable":true,"href":"https:\/\/www.os-dravograd.si\/index.php\/wp-json\/wp\/v2\/media\/1947"}],"wp:attachment":[{"href":"https:\/\/www.os-dravograd.si\/index.php\/wp-json\/wp\/v2\/media?parent=1946"}],"curies":[{"name":"wp","href":"https:\/\/api.w.org\/{rel}","templated":true}]}}