{"id":1951,"date":"2020-11-02T23:04:00","date_gmt":"2020-11-02T22:04:00","guid":{"rendered":"http:\/\/92.244.88.147\/wordpress\/?page_id=1951"},"modified":"2020-12-09T13:43:32","modified_gmt":"2020-12-09T12:43:32","slug":"arnes-zoom","status":"publish","type":"page","link":"https:\/\/www.os-dravograd.si\/index.php\/arnes-zoom\/","title":{"rendered":"ARNES ZOOM"},"content":{"rendered":"<p><span style=\"color: #000000;\"><a style=\"color: #000000;\" href=\"https:\/\/arnes-si.zoom.us\/\" target=\"_blank\" rel=\"noreferrer noopener\">Zoom<\/a> je eden od najzmogljivej\u0161ih videokonferen\u010dnih sistemov trenutno, saj omogo\u010da, da ve\u010d uporabnikov hkrati z vklopljenim zvokom in sliko sodeluje v videokonferen\u010dni sobi \u2013 tako lahko npr. izpeljete u\u010dno uro na na\u010din, da prek kamere hkrati vidite vse u\u010dence v svojem razredu.<\/span><\/p>\n<p><span style=\"color: #000000;\">Na Arnesu smo z nakupom licenc omogo\u010dili vsem u\u010diteljem na slovenskih osnovnih in srednjih \u0161olah brezpla\u010dno uporabo sistema z vsemi funkcionalnostmi. Prav tako lahko licen\u010dno verzijo storitve uporabljate v vrtcih, dija\u0161kih domovih in na glasbenih \u0161olah.<\/span><\/p>\n<p><span style=\"color: #000000;\">Za uporabo sistema se morate s svojim AAI-ra\u010dunom* <strong><a style=\"color: #000000;\" href=\"https:\/\/arnes-si.zoom.us\/\" target=\"_blank\" rel=\"noreferrer noopener\">prijaviti v storitev<\/a><\/strong> \u2013 to naredite s klikom na gumb \u00bbSign-in\u00ab.<\/span><\/p>\n<p><span style=\"color: #000000;\">* <em>Prijaviti se morate z va\u0161im <a style=\"color: #000000;\" href=\"http:\/\/www.arnes.si\/pomoc-uporabnikom\/aai\/odgovori-na-pogosto-zastavljena-vprasanja\/#a3\">\u00bb\u0161olskim\u00ab AAI-ra\u010dunom<\/a> in ne z <a style=\"color: #000000;\" href=\"http:\/\/www.arnes.si\/pomoc-uporabnikom\/aai\/odgovori-na-pogosto-zastavljena-vprasanja\/#a4\">\u00bbgostujo\u010dim\u00ab Arnesovim AAI-ra\u010dunom<\/a> (guest.arnes.si).<\/em><\/span><\/p>\n<p><span style=\"color: #000000;\">Snemanje v Zoomov oblak smo na Arnesu onemogo\u010dili, lahko pa konferenco snemate lokalno, na va\u0161 ra\u010dunalnik. Arnes je Zoomove stre\u017enike, na katerih se izvaja videokonferenca, omejil na obmo\u010dje Evropske unije.<\/span><\/p>\n<p><span style=\"color: #000000;\">Osnovna navodila za uporabo storitve si lahko ogledate na <a style=\"color: #000000;\" href=\"https:\/\/podpora.sio.si\/videokonference-zoom-webinar-7\/\" target=\"_blank\" rel=\"noreferrer noopener\">posnetku webinarja Videokonference Zoom<\/a>.<\/span><\/p>\n<p><span style=\"color: #000000;\">Tehni\u010dna pomo\u010d za Arnes Zoom je na voljo <a style=\"color: #000000;\" href=\"https:\/\/www.arnes.si\/pomoc-uporabnikom\/arnes-zoom\/\" target=\"_blank\" rel=\"noreferrer noopener\">tukaj<\/a>,<\/span><\/p>\n","protected":false},"excerpt":{"rendered":"<p>Zoom je eden od najzmogljivej\u0161ih videokonferen\u010dnih sistemov trenutno, saj omogo\u010da, da ve\u010d uporabnikov hkrati z vklopljenim zvokom in sliko sodeluje v videokonferen\u010dni sobi \u2013 tako lahko npr. izpeljete u\u010dno uro na na\u010din, da prek kamere hkrati vidite vse u\u010dence v svojem razredu. Na Arnesu smo z nakupom licenc omogo\u010dili vsem u\u010diteljem na slovenskih osnovnih in [&hellip;]<\/p>\n","protected":false},"author":1,"featured_media":1952,"parent":0,"menu_order":0,"comment_status":"closed","ping_status":"closed","template":"","meta":{"ngg_post_thumbnail":0},"_links":{"self":[{"href":"https:\/\/www.os-dravograd.si\/index.php\/wp-json\/wp\/v2\/pages\/1951"}],"collection":[{"href":"https:\/\/www.os-dravograd.si\/index.php\/wp-json\/wp\/v2\/pages"}],"about":[{"href":"https:\/\/www.os-dravograd.si\/index.php\/wp-json\/wp\/v2\/types\/page"}],"author":[{"embeddable":true,"href":"https:\/\/www.os-dravograd.si\/index.php\/wp-json\/wp\/v2\/users\/1"}],"replies":[{"embeddable":true,"href":"https:\/\/www.os-dravograd.si\/index.php\/wp-json\/wp\/v2\/comments?post=1951"}],"version-history":[{"count":0,"href":"https:\/\/www.os-dravograd.si\/index.php\/wp-json\/wp\/v2\/pages\/1951\/revisions"}],"wp:featuredmedia":[{"embeddable":true,"href":"https:\/\/www.os-dravograd.si\/index.php\/wp-json\/wp\/v2\/media\/1952"}],"wp:attachment":[{"href":"https:\/\/www.os-dravograd.si\/index.php\/wp-json\/wp\/v2\/media?parent=1951"}],"curies":[{"name":"wp","href":"https:\/\/api.w.org\/{rel}","templated":true}]}}