{"id":1970,"date":"2020-11-03T10:58:04","date_gmt":"2020-11-03T09:58:04","guid":{"rendered":"http:\/\/92.244.88.147\/wordpress\/?page_id=1970"},"modified":"2025-11-28T10:33:59","modified_gmt":"2025-11-28T09:33:59","slug":"govorilne-ure-in-kontakt-z-ucitelji","status":"publish","type":"page","link":"https:\/\/www.os-dravograd.si\/index.php\/govorilne-ure-in-kontakt-z-ucitelji\/","title":{"rendered":"GOVORILNE URE IN KONTAKT Z U\u010cITELJI"},"content":{"rendered":"\n<p>&nbsp;<\/p>\n\n\n\n<p>U\u010ditelji imajo skupne govorilne ure enkrat mese\u010dno, vsak drugi torek od 16. do 17. ure od prvega do petega razreda ter od 17. do 18. ure na predmetni stopnji.<\/p>\n\n\n\n<p>Individualni razgovori v dopoldanskem \u010dasu so po dogovoru z razredniki in ostalimi u\u010ditelji eno uro na teden. Pogovore bomo organizirali v \u017eivo v mati\u010dnih u\u010dilnicah, kabinetih ob upo\u0161tevanju ukrepov.<\/p>\n\n\n\n<p>U\u010ditelji so dosegljivi tudi na slu\u017ebeni e-po\u0161ti v delovnem \u010dasu med 7. in&nbsp; 15. uro.&nbsp; Naslovi so objavljeni na spletni strani \u0161ole. E-naslov u\u010ditelja je namenjen zgolj in izklju\u010dno dogovarjanju za osebni razgovor ali za nujna obvestila.&nbsp; Na P\u0160 Ojstrica u\u010ditelji izvajajo govorilne ure od 15.00 do 16.00.<\/p>\n\n\n\n<p>Govorilne ure v pdf obliki si lahko ogledate <a href=\"https:\/\/www.os-dravograd.si\/wp-content\/uploads\/2025\/10\/govorilne-2025-26.pdf\">tukaj<\/a>, objavljene pa so tudi v LDN \u0161ole.<\/p>\n\n\n\n<figure class=\"wp-block-table\"><table><tbody><tr><td>IME<\/td><td>PRIIMEK<\/td><td>EL. PO\u0160TA<\/td><td>TELEFON<\/td><td>GOVORILNA URA<\/td><\/tr><tr><td>TANJA<\/td><td>BA\u010c<\/td><td>tanja.bac@os-dravograd.si<\/td><td>028720869<\/td><td>\u010detrtek, 5.ura<\/td><\/tr><tr><td>ANA<\/td><td>BERLO\u017dNIK<\/td><td>ana.berloznik@os-dravograd.si<\/td><td><\/td><td>\u010detrtek, 4. ura<\/td><\/tr><tr><td>TADEJA<\/td><td>DIMC<\/td><td>tadeja.dimc@os-dravograd.si<\/td><td>028720858<\/td><td>po dogovoru<\/td><\/tr><tr><td>PETRA<\/td><td>GORNJAK<\/td><td>petra.gornjak@os-dravograd.si<\/td><td>028710513<\/td><td>ponedeljek, 5. ura<\/td><\/tr><tr><td>HELENA<\/td><td>GOSTEN\u010cNIK<\/td><td>helena.gostencnik@os-dravograd.si<\/td><td>028281872<\/td><td>ponedeljek, 6. ura<\/td><\/tr><tr><td>NINA<\/td><td>GRACEJ<\/td><td>nina.gracej@os-dravograd.si<\/td><td><\/td><td>sreda, 2. ura<\/td><\/tr><tr><td>TADEJA<\/td><td>GRUBELNIK<\/td><td>tadeja.grubelnik@os-dravograd.si<\/td><td>028281877<\/td><td>\u010detrtek, 2. ura<\/td><\/tr><tr><td>DANICA<\/td><td>GRU\u0160OVNIK<\/td><td>danica.grusovnik@os-dravograd.si<\/td><td>028720857<\/td><td>\u010detrtek, 2. ura<\/td><\/tr><tr><td>SIMONA<\/td><td>JER\u010cI\u010c P\u0160ENI\u010cNIK<\/td><td>simona.jercic-psenicnik@os-dravograd.si<\/td><td>028720851<\/td><td>petek, 1. ura<\/td><\/tr><tr><td>IRENA<\/td><td>JESENI\u010cNIK<\/td><td>irena.jesenicnik@os-dravograd.si<\/td><td>028720867<\/td><td>ponedeljek, 2. ura<\/td><\/tr><tr><td>HENRIKA<\/td><td>KAISER<\/td><td>henrika.kaiser@os-dravograd.si<\/td><td>028281875<\/td><td>sreda, 4. ura<\/td><\/tr><tr><td>NATA\u0160A<\/td><td>KAMNIK<\/td><td>natasa.kamnik@os-dravograd.si<\/td><td>028720860<\/td><td>\u010detrtek, 7. ura<\/td><\/tr><tr><td>IRENA<\/td><td>KA\u0160MAN<\/td><td>irena.kasman@os-dravograd.si<\/td><td>028720851<\/td><td>torek, 3. ura<\/td><\/tr><tr><td>HELENA<\/td><td>KNEZ<\/td><td>helena.knez@os-dravograd.si<\/td><td>028789715<\/td><td>torek, 4. ura<\/td><\/tr><tr><td>ANITA<\/td><td>KORDE\u017d GR\u00d6GL<\/td><td>anita.grogl@os-dravograd.si<\/td><td>028789715<\/td><td>\u010detrtek, 3. ura<\/td><\/tr><tr><td>IVO<\/td><td>KORO\u0160EC<\/td><td>ivo.korosec@os-dravograd.si<\/td><td>028720865<\/td><td>sreda, 3,ura<\/td><\/tr><tr><td>BARBARA<\/td><td>KOTNIK<\/td><td>barbara.kotnik@os-dravograd.si<\/td><td>028720869<\/td><td>petek, 3. ura<\/td><\/tr><tr><td>KAJA<\/td><td>KOTNIK<\/td><td>kaja.kotnik@os-dravograd.si<\/td><td>028720869<\/td><td>petek, 1. ura<\/td><\/tr><tr><td>MARTINA<\/td><td>KOVA\u010c<\/td><td>martina.kovac@os-dravograd.si<\/td><td>028281872<\/td><td>ponedeljek, 2. ura<\/td><\/tr><tr><td>NATA\u0160A<\/td><td>KOV\u0160E<\/td><td>natasa.kovse@os-dravograd.si<\/td><td>028720867<\/td><td>ponedeljek, 4. ura<\/td><\/tr><tr><td>POLONA<\/td><td>KRAJNC<\/td><td>polona.krajnc@os-dravograd.si<\/td><td>028720851<\/td><td>sreda, 5. ura; P\u0160 OJ. \u010detrtek, 5. ura<\/td><\/tr><tr><td>DARJA<\/td><td>LESNIK<\/td><td>darja.lesnik@os-dravograd.si<\/td><td>028720851<\/td><td>petek, 3. ura<\/td><\/tr><tr><td>PETRA<\/td><td>MATI\u010cKO<\/td><td>petra.maticko@os-dravograd.si<\/td><td>028281870<\/td><td>torek, 3. ura<\/td><\/tr><tr><td>NACE<\/td><td>MATVOS<\/td><td>nace.matvos@os-dravograd.si<\/td><td>028281872<\/td><td>ponedeljek, 2. ura<\/td><\/tr><tr><td>ANJA<\/td><td>MIHELI\u010c<\/td><td>anja.mihelic@os-dravograd.si<\/td><td>028281870<\/td><td>ponedeljek, 4. ura<\/td><\/tr><tr><td>ZORAN<\/td><td>MIKLAVC<\/td><td>zoran.miklavc@os-dravograd.si<\/td><td>028281872<\/td><td>ponedeljek, 4. ura<\/td><\/tr><tr><td>BLA\u017d<\/td><td>MLIN\u0160EK<\/td><td>blaz.mlinsek@os-dravograd.si<\/td><td>028720868<\/td><td>sreda, 2.ura<\/td><\/tr><tr><td>ANA<\/td><td>MRDAV\u0160I\u010c<\/td><td>ana.mrdavsic@os-dravograd.si<\/td><td>028281876<\/td><td><\/td><\/tr><tr><td>ELIZABET<\/td><td>NEGOVEC KOPMAJER<\/td><td>elizabet.negove-kopmajer@os-dravograd.si<\/td><td>028281870<\/td><td>torek, 3. ura<\/td><\/tr><tr><td>MAGER<\/td><td>NINA<\/td><td>nina.mager@os-dravograd.si<\/td><td>028720867<\/td><td>Sreda, 4. ura<\/td><\/tr><tr><td>TANJA<\/td><td>O\u0160LAK<\/td><td>tanja.oslak@os-dravograd.si<\/td><td>028710513<\/td><td>petek, 1. ura<\/td><\/tr><tr><td>VALENTINA<\/td><td>PARADI\u017d<\/td><td>valentina.paradiz@os-dravograd.si<\/td><td>028783195<\/td><td>torek, 3.ura, \u010detrtek, 4 ura &#8211; LIB..<\/td><\/tr><tr><td>SONJA<\/td><td>PIKO<\/td><td>sonja.piko@os-dravograd.si<\/td><td>028789715<\/td><td>sreda 5. ura<\/td><\/tr><tr><td>MATEJA<\/td><td>PLAZOVNIK<\/td><td>mateja.plazovnik@os-dravograd.si<\/td><td>028720860<\/td><td>petek, 2. ura<\/td><\/tr><tr><td>LOVRO<\/td><td>PLIMON<\/td><td>lovro.plimon@os-dravograd.si<\/td><td>028720852<\/td><td>torek, 1. ura<\/td><\/tr><tr><td>LUCIJA<\/td><td>PLO\u0160NIK<\/td><td>lucija.plosnik@os-dravograd.si<\/td><td>028789715<\/td><td>\u010detrtek, 2. ura<\/td><\/tr><tr><td>MARJETA<\/td><td>PODGOR\u0160EK REK<\/td><td>marjeta.podgorsek-rek@os-dravograd.si<\/td><td>028281870<\/td><td>\u010detrtek, 5. ura<\/td><\/tr><tr><td>MAJA<\/td><td>PODKRI\u017dNIK<\/td><td>maja.podkriznik@os-dravograd.si<\/td><td><\/td><td>sreda, 1. ura<\/td><\/tr><tr><td>ANA<\/td><td>POTO\u010cNIK<\/td><td>ana.potocnik@os-dravograd.si<\/td><td>028281875<\/td><td>sreda, 3. ura<\/td><\/tr><tr><td>EVELINA<\/td><td>PRAPROTNIK<\/td><td>evelina.praprotnik@os-dravograd.si<\/td><td>028788551<\/td><td>ponedeljek, 3. ura<\/td><\/tr><tr><td>KLARA<\/td><td>PRAVDI\u010c<\/td><td>klara.pravdic@os-dravograd.si<\/td><td><\/td><td><\/td><\/tr><tr><td>PETRA<\/td><td>PREKSAVEC<\/td><td>petra.preksavec@os-dravograd.si<\/td><td>028788551<\/td><td>\u010detrtek, 2. ura<\/td><\/tr><tr><td>MARIJANA<\/td><td>P\u0160ENI\u010cNIK<\/td><td>marijana.psenicnik@os-dravograd.si<\/td><td>028720851<\/td><td>torek, 2. ura<\/td><\/tr><tr><td>TATJANA<\/td><td>P\u0160ENI\u010cNIK<\/td><td>tatjana.psenicnik@os-dravograd.si<\/td><td>028281874<\/td><td>torek, 2. ura<\/td><\/tr><tr><td>SILVIJA<\/td><td>RAVNIKAR<\/td><td>silvija.ravnikar@os-dravograd.si<\/td><td>028281872<\/td><td>sreda, 3. ura<\/td><\/tr><tr><td>ANJA<\/td><td>ROGER<\/td><td>anja.roger@os-dravograd.si<\/td><td><\/td><td>ponedeljek, 3. ura<\/td><\/tr><tr><td>LINA<\/td><td>ROGL\u0160EK<\/td><td>lina.roglsek@os-dravograd.si<\/td><td>028281874<\/td><td>torek, 2. ura<\/td><\/tr><tr><td>ANDRA\u017d<\/td><td>ROTOVNIK<\/td><td>andraz.rotovnik@os-dravograd.si<\/td><td>028720865<\/td><td>torek, 3. ura<\/td><\/tr><tr><td>KARMEN<\/td><td>ROTOVNIK<\/td><td>karmen.rotovnik@os-dravograd.si<\/td><td>028788551<\/td><td>torek, 3. ura<\/td><\/tr><tr><td>ALEKSANDRA<\/td><td>RO\u017dI\u010c<\/td><td>aleksandra.rozic@os-dravograd.si<\/td><td>028720869<\/td><td>ponedeljek, 2. ura<\/td><\/tr><tr><td>MOJCA<\/td><td>SAGMEISTER<\/td><td>mojca.sagmeister@os-dravograd.si<\/td><td><\/td><td><\/td><\/tr><tr><td>NADJA<\/td><td>SEP<\/td><td>nadja.sep@os-dravograd.si<\/td><td>028281872<\/td><td>sreda, predura<\/td><\/tr><tr><td>KRISTINA<\/td><td>SERU\u0160NIK PE\u010cNIK<\/td><td>kristina.serusnik@os-dravograd.si<\/td><td>028783195<\/td><td>torek, 3. ura<\/td><\/tr><tr><td>UR\u0160KA<\/td><td>SKARLOVNIK<\/td><td>urska.skarlovnik@os-dravograd.si<\/td><td>028720865<\/td><td>torek, 2. ura<\/td><\/tr><tr><td>ANITA<\/td><td>SKUTNIK<\/td><td>anita.skutnik@os-dravograd.si<\/td><td>028281875<\/td><td>sreda, 4. ura<\/td><\/tr><tr><td>VALERIJA<\/td><td>\u0160ERTEL<\/td><td>valerija.sertel@os-dravograd.si<\/td><td>028281873<\/td><td>torek, 2. ura<\/td><\/tr><tr><td>VESNA<\/td><td>\u0160MON<\/td><td>vesna.smon@os-dravograd.si<\/td><td>028788551<\/td><td>\u010detrtek, 4. ura<\/td><\/tr><tr><td>FRANJA<\/td><td>\u0160MON DREVEN\u0160EK<\/td><td>franja.smon.drevensek@os-dravograd.si<\/td><td>028720863<\/td><td>ponedeljek, 3. ura<\/td><\/tr><tr><td>SONJA<\/td><td>\u0160TIH<\/td><td>sonja.stih@os-dravograd.si<\/td><td>028720863<\/td><td>sreda, 2. ura<\/td><\/tr><tr><td>RENATA<\/td><td>\u0160UMAH<\/td><td>renata.sumah@os-dravograd.si<\/td><td>028720860<\/td><td>sreda, 2. ura<\/td><\/tr><tr><td>SARA<\/td><td>TIMO\u0160EK<\/td><td>sara.timosek@os-dravograd.si<\/td><td>028720869<\/td><td>\u010detrtek, 5.ura<\/td><\/tr><tr><td>ANA<\/td><td>TRILLER<\/td><td>ana.triller@os-dravograd.si<\/td><td>028281875<\/td><td>sreda, 3. ura<\/td><\/tr><tr><td>HELENA<\/td><td>UDU\u010c PEPEVNIK<\/td><td>helena.uduc-pepevnik@os-dravograd.si<\/td><td>028783195<\/td><td>\u010detrtek, 2. ura<\/td><\/tr><tr><td>KATARINA<\/td><td>VERHNJAK<\/td><td>katarina.verhnjak@os-dravograd.si<\/td><td><\/td><td><\/td><\/tr><tr><td>LOTI<\/td><td>VIKTORIJA DOLINAR<\/td><td>lotiviktorija.dolinar@os-dravograd.si<\/td><td>028720860<\/td><td>\u010detrtek, 1. ura<\/td><\/tr><tr><td>IGOR<\/td><td>VITRIH<\/td><td>igor.vitrih@os-dravograd.si<\/td><td>028720857<\/td><td>ponedeljek, 3. ura<\/td><\/tr><tr><td>BORUT<\/td><td>VRHNJAK<\/td><td>borut.vrhnjak@os-dravograd.si<\/td><td>028720865<\/td><td>\u010detrtek, 4. ura<\/td><\/tr><\/tbody><\/table><\/figure>\n\n\n\n<div class=\"wp-block-file\"><a href=\"https:\/\/www.os-dravograd.si\/wp-content\/uploads\/2025\/10\/govorilne-2025-26.pdf\">govorilne-2025-26<\/a><a href=\"https:\/\/www.os-dravograd.si\/wp-content\/uploads\/2025\/10\/govorilne-2025-26.pdf\" class=\"wp-block-file__button\" download>Prenos<\/a><\/div>\n\n\n\n<p>&nbsp;<\/p>\n","protected":false},"excerpt":{"rendered":"<p>&nbsp; U\u010ditelji imajo skupne govorilne ure enkrat mese\u010dno, vsak drugi torek od 16. do 17. ure od prvega do petega razreda ter od 17. do 18. ure na predmetni stopnji. Individualni razgovori v dopoldanskem \u010dasu so po dogovoru z razredniki in ostalimi u\u010ditelji eno uro na teden. Pogovore bomo organizirali v \u017eivo v mati\u010dnih u\u010dilnicah, [&hellip;]<\/p>\n","protected":false},"author":1,"featured_media":0,"parent":0,"menu_order":0,"comment_status":"closed","ping_status":"closed","template":"","meta":{"ngg_post_thumbnail":0},"_links":{"self":[{"href":"https:\/\/www.os-dravograd.si\/index.php\/wp-json\/wp\/v2\/pages\/1970"}],"collection":[{"href":"https:\/\/www.os-dravograd.si\/index.php\/wp-json\/wp\/v2\/pages"}],"about":[{"href":"https:\/\/www.os-dravograd.si\/index.php\/wp-json\/wp\/v2\/types\/page"}],"author":[{"embeddable":true,"href":"https:\/\/www.os-dravograd.si\/index.php\/wp-json\/wp\/v2\/users\/1"}],"replies":[{"embeddable":true,"href":"https:\/\/www.os-dravograd.si\/index.php\/wp-json\/wp\/v2\/comments?post=1970"}],"version-history":[{"count":34,"href":"https:\/\/www.os-dravograd.si\/index.php\/wp-json\/wp\/v2\/pages\/1970\/revisions"}],"predecessor-version":[{"id":10002,"href":"https:\/\/www.os-dravograd.si\/index.php\/wp-json\/wp\/v2\/pages\/1970\/revisions\/10002"}],"wp:attachment":[{"href":"https:\/\/www.os-dravograd.si\/index.php\/wp-json\/wp\/v2\/media?parent=1970"}],"curies":[{"name":"wp","href":"https:\/\/api.w.org\/{rel}","templated":true}]}}