{"id":2079,"date":"2020-11-05T11:07:28","date_gmt":"2020-11-05T10:07:28","guid":{"rendered":"http:\/\/92.244.88.147\/wordpress\/?page_id=2079"},"modified":"2021-11-30T20:55:31","modified_gmt":"2021-11-30T19:55:31","slug":"spletna-ucilnica","status":"publish","type":"page","link":"https:\/\/www.os-dravograd.si\/index.php\/spletna-ucilnica\/","title":{"rendered":"SPLETNA U\u010cILNICA"},"content":{"rendered":"<p><span style=\"color: #000000;\"><\/span><\/p>\r\n<p><span style=\"color: #000000;\">Na \u0161oli za pouk na daljavo uporabljamo spletno u\u010dilnico Moodle.<\/span><\/p>\r\n<p><span style=\"color: #000000;\">\r\n\r\n<\/span><\/p>\r\n<p><span style=\"color: #000000;\">U\u010ditelji in u\u010denci v u\u010dilnico vstopajo preko enotne prijave. Spletna u\u010dilnica je namre\u010d povezana s \u0161olskimi elektronskimi ra\u010duni, zato se prijavite z enakimi uporabni\u0161kimi podatki, kot sthe jih prejeli za prijavo v \u0161olsko elektronsko po\u0161to.<\/span><\/p>\r\n<p><span style=\"color: #000000;\">\r\n\r\n<\/span><\/p>\r\n<p><span style=\"color: #000000;\">Pri prijavi je potrebno izbrati gumb NAPREJ, ki se nahaja pod zapisom prijava s \u0161olskim ra\u010dunom.<\/span><\/p>\r\n<p><span style=\"color: #000000;\"><img loading=\"lazy\" class=\" wp-image-2081 aligncenter\" src=\"http:\/\/92.244.88.147\/wordpress\/wp-content\/uploads\/2020\/11\/prijava-spletna-ucilnica-148x300.png\" alt=\"\" width=\"159\" height=\"323\" srcset=\"https:\/\/www.os-dravograd.si\/wp-content\/uploads\/2020\/11\/prijava-spletna-ucilnica-148x300.png 148w, https:\/\/www.os-dravograd.si\/wp-content\/uploads\/2020\/11\/prijava-spletna-ucilnica.png 221w\" sizes=\"(max-width: 159px) 100vw, 159px\" \/><\/span><\/p>\r\n<p><span style=\"color: #000000;\">Nato pa je potrebno izbrati gumb Log in with Google in vpisati svoje uporabni\u0161ke podatke.<\/span><\/p>\r\n<p><span style=\"color: #000000;\"><img loading=\"lazy\" class=\"alignnone size-medium wp-image-2082 aligncenter\" src=\"http:\/\/92.244.88.147\/wordpress\/wp-content\/uploads\/2020\/11\/prijava-spletna-ucilnica1-300x111.png\" alt=\"\" width=\"300\" height=\"111\" srcset=\"https:\/\/www.os-dravograd.si\/wp-content\/uploads\/2020\/11\/prijava-spletna-ucilnica1-300x111.png 300w, https:\/\/www.os-dravograd.si\/wp-content\/uploads\/2020\/11\/prijava-spletna-ucilnica1-370x137.png 370w, https:\/\/www.os-dravograd.si\/wp-content\/uploads\/2020\/11\/prijava-spletna-ucilnica1-390x145.png 390w, https:\/\/www.os-dravograd.si\/wp-content\/uploads\/2020\/11\/prijava-spletna-ucilnica1.png 415w\" sizes=\"(max-width: 300px) 100vw, 300px\" \/><\/span><\/p>\r\n<p><span style=\"color: #000000;\">POMEMBNO: Prijava v spletno u\u010dilnico je mogo\u010da samo preko \u0161olskega elektronskega naslova (@os-dravograd.si).<\/span><\/p>\r\n<p><span style=\"color: #000000;\">\u010ce ste v gmail \u017ee prijavljeni s kak\u0161nim drugim elektronskim naslov, ki ni \u0161olski, svetujemo, da se predhodno iz teh ra\u010dunov (lahko tudi vseh) odjavite.<\/span><\/p>\r\n<p>V primeru, da ste geslo pozabili, se obrnite na \u0161olskega ra\u010dunalnikarja.<\/p>\r\n<p><span style=\"color: #000000;\"><\/span><\/p>","protected":false},"excerpt":{"rendered":"<p>Na \u0161oli za pouk na daljavo uporabljamo spletno u\u010dilnico Moodle. U\u010ditelji in u\u010denci v u\u010dilnico vstopajo preko enotne prijave. Spletna u\u010dilnica je namre\u010d povezana s \u0161olskimi elektronskimi ra\u010duni, zato se prijavite z enakimi uporabni\u0161kimi podatki, kot sthe jih prejeli za prijavo v \u0161olsko elektronsko po\u0161to. Pri prijavi je potrebno izbrati gumb NAPREJ, ki se nahaja [&hellip;]<\/p>\n","protected":false},"author":1,"featured_media":2085,"parent":0,"menu_order":0,"comment_status":"closed","ping_status":"closed","template":"","meta":{"ngg_post_thumbnail":0},"_links":{"self":[{"href":"https:\/\/www.os-dravograd.si\/index.php\/wp-json\/wp\/v2\/pages\/2079"}],"collection":[{"href":"https:\/\/www.os-dravograd.si\/index.php\/wp-json\/wp\/v2\/pages"}],"about":[{"href":"https:\/\/www.os-dravograd.si\/index.php\/wp-json\/wp\/v2\/types\/page"}],"author":[{"embeddable":true,"href":"https:\/\/www.os-dravograd.si\/index.php\/wp-json\/wp\/v2\/users\/1"}],"replies":[{"embeddable":true,"href":"https:\/\/www.os-dravograd.si\/index.php\/wp-json\/wp\/v2\/comments?post=2079"}],"version-history":[{"count":0,"href":"https:\/\/www.os-dravograd.si\/index.php\/wp-json\/wp\/v2\/pages\/2079\/revisions"}],"wp:featuredmedia":[{"embeddable":true,"href":"https:\/\/www.os-dravograd.si\/index.php\/wp-json\/wp\/v2\/media\/2085"}],"wp:attachment":[{"href":"https:\/\/www.os-dravograd.si\/index.php\/wp-json\/wp\/v2\/media?parent=2079"}],"curies":[{"name":"wp","href":"https:\/\/api.w.org\/{rel}","templated":true}]}}