{"id":2288,"date":"2021-03-12T13:04:01","date_gmt":"2021-03-12T12:04:01","guid":{"rendered":"http:\/\/92.244.88.147\/wordpress\/?page_id=2288"},"modified":"2021-03-12T13:11:25","modified_gmt":"2021-03-12T12:11:25","slug":"microsoft-windows","status":"publish","type":"page","link":"https:\/\/www.os-dravograd.si\/index.php\/microsoft-windows\/","title":{"rendered":"WINDOWS 10 EDUCATION"},"content":{"rendered":"\n<p>U\u010denci na\u0161e \u0161ole si lahko brezpla\u010dno <strong>nadgradijo operacijski sistem na Windows 10 Education<\/strong>.<\/p>\n\n\n\n<ul><li><strong>pogoj za namestitev je predhodno name\u0161\u010dena ena od verzij operacijskega sistema Windows (ra\u010dunalnik kupljen s sistemom Windows oz. ra\u010dunalnik, ki ima Windows nalepko).<\/strong><\/li><li>prevzem operacijskega sistema z licenco je omogo\u010den na spletni strani <a href=\"https:\/\/os-dravograd.onthehub.com\">https:\/\/os-dravograd.onthehub.com<\/a><\/li><li>prijava v portal je mogo\u010da z AAI ra\u010dunom. Podatki za prijavo (uporabni\u0161ko ime in geslo) so privzeto nastavljeni enako, kot so bili za prvo prijavo v \u0161olsko elektronsko po\u0161to.<\/li><li>prijavite se zgoraj desno s klikom na \u00bbSign In\u00ab. Pod uporabni\u0161ko ime vpi\u0161ete svoj elektronski naslov in geslo.<\/li><li>izberete Windows 10 EDU in ga dodate v ko\u0161arico (Add to Cart), nato pa kliknete na \u00bbCheck Out\u00ab<\/li><li>nato vnesete uporabni\u0161ko ime &#8211; AAI username, ki je pod okencem tudi \u017ee izpisano in vpisati ime v drugo okence<\/li><li>nato vnesete podatke \u0161e enkrat ter \u0161olsko elektronsko po\u0161to.<\/li><li>ko opravite \u201cnakup\u201d, prejmete na elektronsko po\u0161to potrdilo, v portalu se izpi\u0161e <strong>serijska \u0161tevilka za aktivacijo po namestitvi sistema<\/strong>, ki jo skrbno shranite.<\/li><li>s klikom na gumb \u201c<strong>Get started<\/strong>\u201d ste preusmerjeni na spletno stran, na kateri si prenesete razli\u010dico sistema Windows 10 Education Upgrade, ki ga lahko namestite.<\/li><\/ul>\n","protected":false},"excerpt":{"rendered":"<p>U\u010denci na\u0161e \u0161ole si lahko brezpla\u010dno nadgradijo operacijski sistem na Windows 10 Education. pogoj za namestitev je predhodno name\u0161\u010dena ena od verzij operacijskega sistema Windows (ra\u010dunalnik kupljen s sistemom Windows oz. ra\u010dunalnik, ki ima Windows nalepko). prevzem operacijskega sistema z licenco je omogo\u010den na spletni strani https:\/\/os-dravograd.onthehub.com prijava v portal je mogo\u010da z AAI ra\u010dunom. [&hellip;]<\/p>\n","protected":false},"author":1,"featured_media":2290,"parent":0,"menu_order":0,"comment_status":"closed","ping_status":"closed","template":"","meta":{"ngg_post_thumbnail":0},"_links":{"self":[{"href":"https:\/\/www.os-dravograd.si\/index.php\/wp-json\/wp\/v2\/pages\/2288"}],"collection":[{"href":"https:\/\/www.os-dravograd.si\/index.php\/wp-json\/wp\/v2\/pages"}],"about":[{"href":"https:\/\/www.os-dravograd.si\/index.php\/wp-json\/wp\/v2\/types\/page"}],"author":[{"embeddable":true,"href":"https:\/\/www.os-dravograd.si\/index.php\/wp-json\/wp\/v2\/users\/1"}],"replies":[{"embeddable":true,"href":"https:\/\/www.os-dravograd.si\/index.php\/wp-json\/wp\/v2\/comments?post=2288"}],"version-history":[{"count":0,"href":"https:\/\/www.os-dravograd.si\/index.php\/wp-json\/wp\/v2\/pages\/2288\/revisions"}],"wp:featuredmedia":[{"embeddable":true,"href":"https:\/\/www.os-dravograd.si\/index.php\/wp-json\/wp\/v2\/media\/2290"}],"wp:attachment":[{"href":"https:\/\/www.os-dravograd.si\/index.php\/wp-json\/wp\/v2\/media?parent=2288"}],"curies":[{"name":"wp","href":"https:\/\/api.w.org\/{rel}","templated":true}]}}