{"id":2844,"date":"2021-12-10T09:46:42","date_gmt":"2021-12-10T08:46:42","guid":{"rendered":"https:\/\/www.os-dravograd.si\/www\/?page_id=2844"},"modified":"2023-09-28T11:18:23","modified_gmt":"2023-09-28T09:18:23","slug":"vizitka","status":"publish","type":"page","link":"https:\/\/www.os-dravograd.si\/index.php\/vizitka\/","title":{"rendered":"VIZITKA"},"content":{"rendered":"\n<figure class=\"wp-block-image size-small_image\"><img loading=\"lazy\" width=\"300\" height=\"270\" src=\"https:\/\/www.os-dravograd.si\/wp-content\/uploads\/2023\/09\/logotip-OS-300x270.jpg\" alt=\"\" class=\"wp-image-5292\" srcset=\"https:\/\/www.os-dravograd.si\/wp-content\/uploads\/2023\/09\/logotip-OS-300x270.jpg 300w, https:\/\/www.os-dravograd.si\/wp-content\/uploads\/2023\/09\/logotip-OS-200x180.jpg 200w, https:\/\/www.os-dravograd.si\/wp-content\/uploads\/2023\/09\/logotip-OS-1024x923.jpg 1024w, https:\/\/www.os-dravograd.si\/wp-content\/uploads\/2023\/09\/logotip-OS-768x692.jpg 768w, https:\/\/www.os-dravograd.si\/wp-content\/uploads\/2023\/09\/logotip-OS-1536x1384.jpg 1536w, https:\/\/www.os-dravograd.si\/wp-content\/uploads\/2023\/09\/logotip-OS-2048x1845.jpg 2048w, https:\/\/www.os-dravograd.si\/wp-content\/uploads\/2023\/09\/logotip-OS-1170x1054.jpg 1170w, https:\/\/www.os-dravograd.si\/wp-content\/uploads\/2023\/09\/logotip-OS-370x333.jpg 370w, https:\/\/www.os-dravograd.si\/wp-content\/uploads\/2023\/09\/logotip-OS-870x784.jpg 870w, https:\/\/www.os-dravograd.si\/wp-content\/uploads\/2023\/09\/logotip-OS-390x351.jpg 390w\" sizes=\"(max-width: 300px) 100vw, 300px\" \/><\/figure>\n\n\n\n<h3>Naziv \u0161ole: Osnovna \u0161ola Neznanih talcev Dravograd<\/h3>\n\n\n\n<h3><\/h3>\n\n\n\n<h3>Naslov \u0161ole: Trg 4. julija 64, 2370 Dravograd<\/h3>\n\n\n\n<h3><\/h3>\n\n\n\n<h3>Telefon: 02 872 08 50<\/h3>\n\n\n\n<h3><\/h3>\n\n\n\n<h3>Elektronska po\u0161ta: os.dravograd@guest.arnes.si<\/h3>\n\n\n<p>&nbsp;<\/p>","protected":false},"excerpt":{"rendered":"<p>Naziv \u0161ole: Osnovna \u0161ola Neznanih talcev Dravograd Naslov \u0161ole: Trg 4. julija 64, 2370 Dravograd Telefon: 02 872 08 50 Elektronska po\u0161ta: os.dravograd@guest.arnes.si &nbsp;<\/p>\n","protected":false},"author":1,"featured_media":0,"parent":0,"menu_order":0,"comment_status":"closed","ping_status":"closed","template":"","meta":{"ngg_post_thumbnail":0},"_links":{"self":[{"href":"https:\/\/www.os-dravograd.si\/index.php\/wp-json\/wp\/v2\/pages\/2844"}],"collection":[{"href":"https:\/\/www.os-dravograd.si\/index.php\/wp-json\/wp\/v2\/pages"}],"about":[{"href":"https:\/\/www.os-dravograd.si\/index.php\/wp-json\/wp\/v2\/types\/page"}],"author":[{"embeddable":true,"href":"https:\/\/www.os-dravograd.si\/index.php\/wp-json\/wp\/v2\/users\/1"}],"replies":[{"embeddable":true,"href":"https:\/\/www.os-dravograd.si\/index.php\/wp-json\/wp\/v2\/comments?post=2844"}],"version-history":[{"count":4,"href":"https:\/\/www.os-dravograd.si\/index.php\/wp-json\/wp\/v2\/pages\/2844\/revisions"}],"predecessor-version":[{"id":5293,"href":"https:\/\/www.os-dravograd.si\/index.php\/wp-json\/wp\/v2\/pages\/2844\/revisions\/5293"}],"wp:attachment":[{"href":"https:\/\/www.os-dravograd.si\/index.php\/wp-json\/wp\/v2\/media?parent=2844"}],"curies":[{"name":"wp","href":"https:\/\/api.w.org\/{rel}","templated":true}]}}