{"id":5284,"date":"2023-09-26T13:21:03","date_gmt":"2023-09-26T11:21:03","guid":{"rendered":"https:\/\/www.os-dravograd.si\/?page_id=5284"},"modified":"2025-05-28T12:26:49","modified_gmt":"2025-05-28T10:26:49","slug":"knjiznicni-red","status":"publish","type":"page","link":"https:\/\/www.os-dravograd.si\/index.php\/knjiznicni-red\/","title":{"rendered":"PRAVILNIK \u0160OLSKE KNJI\u017dNICE"},"content":{"rendered":"\n<script type=\"text\/x-handlebars-template\" id=\"wpfd-template-ggd-box\">    {{#with file}}    <div class=\"dropblock wpfd-content\">        <a href=\"#\" class=\"wpfd-close\"><\/a>        <div class=\"filecontent\">            {{#if file_custom_icon}}                    <div class=\"icon-custom\"><img src=\"{{file_custom_icon}}\"><\/div>                    {{else}}                    <div class=\"ext ext-{{ext}}\"><span class=\"txt\">{{ext}}<\/span><\/div>                    {{\/if}}<h3><a href=\"{{linkdownload}}\" class=\"wpfd_downloadlink\" title=\"{{post_title}}\">{{{crop_title}}}<\/a><\/h3>            <div class=\"wpfd-extra\">                {{#if description}}<div class=\"file-desc\">{{{description}}}<\/div>{{\/if}}{{#if versionNumber}}<div class=\"file-version\"><span>Version:<\/span> {{versionNumber}}<\/div>{{\/if}}<div class=\"file-size\"><span>Size:<\/span> {{bytesToSize size}}<\/div><div class=\"file-hits\"><span>Hits:<\/span> {{hits}}<\/div><div class=\"file-dated\"><span>Date added:<\/span> {{created}}<\/div>            <\/div>        <\/div>        <div class=\"extra-downloadlink\"><a class=\"downloadlink wpfd_downloadlink\"  href=\"{{linkdownload}}\" style=\"background-color:#76bc58;color:#ffffff;\">Shrani<i class=\"zmdi zmdi-cloud-download wpfd-download\"><\/i><\/a>{{#if openpdflink}}<a class=\"openlink wpfdlightbox wpfd_previewlink\" href=\"{{openpdflink}}\" target=\"\">Predogled                            <i class=\"zmdi zmdi-filter-center-focus wpfd-preview\"><\/i>                        <\/a>{{else}}{{#if viewerlink}}<a                            href=\"{{viewerlink}}\"                            class=\"openlink wpfdlightbox wpfd_previewlink\"                            target=\"\"                            data-id=\"{{ID}}\"                            data-catid=\"{{catid}}\"                            data-file-type=\"{{ext}}\">Predogled<i class=\"zmdi zmdi-filter-center-focus wpfd-preview\"><\/i>                        <\/a>{{\/if}}{{\/if}}<\/div>    <\/div>    {{\/with}}<\/script><script type=\"text\/x-handlebars-template\" id=\"wpfd-template-ggd-categories\">    <div class=\"wpfd-categories\">{{#if category}}{{#with category}}<h2>{{name}}<\/h2>{{#if parent}}<a class=\"catlink backcategory\" href=\"#\" data-idcat=\"{{parent}}\">                        <i class=\"zmdi zmdi-chevron-left\"><\/i><span>Back<\/span><\/a>{{\/if}}{{\/with}}{{\/if}}<\/div><\/script><script type=\"text\/x-handlebars-template\" id=\"wpfd-template-ggd-files\">    {{#if files}}    <div class=\"wpfd_list\">        {{#each files}}        <div class=\"file\" style=\"margin : 10px 10px 10px 10px;\"><a class=\"wpfd-file-link\" href=\"#\" data-category_id=\"{{catid}}\" data-id=\"{{ID}}\"><div class=\"dropblock\">{{#if file_custom_icon}}                    <div class=\"icon-custom\"><img src=\"{{file_custom_icon}}\"><\/div>                    {{else}}                    <div class=\"ext ext-{{ext}}\"><span class=\"txt\">{{ext}}<\/span><\/div>                    {{\/if}}<\/div><div class=\"droptitle\">{{{crop_title}}}<\/div><\/a><\/div>        {{\/each}}    <\/div>    {{\/if}}<\/script><div class=\"wpfd-content wpfd-content-ggd wpfd-content-multi\" data-category=\"166\"><input type=\"hidden\" id=\"current_category_166\" value=\"166\" \/>                    <input type=\"hidden\" id=\"current_category_slug_166\" value=\"pravilnik-solske-knjiznice\" \/>                    <input type=\"hidden\" id=\"current_ordering_166\" value=\"title\" \/>                    <input type=\"hidden\" id=\"current_ordering_direction_166\" value=\"desc\" \/><ul class=\"breadcrumbs wpfd-breadcrumbs-ggd head-category-ggd\">                            <li class=\"active\">PRAVILNIK \u0160OLSKE KNJI\u017dNICE<\/li>                        <\/ul><div class=\"wpfd-container\">        <div class=\"wpfd-open-tree\"><\/div>    <div class=\"wpfd-col wpfd-container-ggd \">            <div class=\"wpfd-categories\"><h2>PRAVILNIK \u0160OLSKE KNJI\u017dNICE<\/h2><\/div>                            <div class=\"wpfd_list\">                                            <div class=\"file\" style=\"margin : 10px 10px 10px 10px;\"><a class=\"wpfd-file-link\" href=\"#\" data-category_id=\"166\" data-id=\"8748\"><div class=\"dropblock\"><div class=\"ext ext-pdf\"><span class=\"txt\">pdf<\/div><\/div><div class=\"droptitle\">Pravilnik o delovanju \u0161olske knji\u017enice<\/div><\/a><\/div>                                    <\/div>                    <\/div><\/div><\/div>\n","protected":false},"excerpt":{"rendered":"PRAVILNIK \u0160OLSKE KNJI\u017dNICE PRAVILNIK \u0160OLSKE KNJI\u017dNICE pdfPravilnik o delovanju \u0161olske knji\u017enice","protected":false},"author":1,"featured_media":0,"parent":0,"menu_order":0,"comment_status":"closed","ping_status":"closed","template":"","meta":{"ngg_post_thumbnail":0},"_links":{"self":[{"href":"https:\/\/www.os-dravograd.si\/index.php\/wp-json\/wp\/v2\/pages\/5284"}],"collection":[{"href":"https:\/\/www.os-dravograd.si\/index.php\/wp-json\/wp\/v2\/pages"}],"about":[{"href":"https:\/\/www.os-dravograd.si\/index.php\/wp-json\/wp\/v2\/types\/page"}],"author":[{"embeddable":true,"href":"https:\/\/www.os-dravograd.si\/index.php\/wp-json\/wp\/v2\/users\/1"}],"replies":[{"embeddable":true,"href":"https:\/\/www.os-dravograd.si\/index.php\/wp-json\/wp\/v2\/comments?post=5284"}],"version-history":[{"count":2,"href":"https:\/\/www.os-dravograd.si\/index.php\/wp-json\/wp\/v2\/pages\/5284\/revisions"}],"predecessor-version":[{"id":8747,"href":"https:\/\/www.os-dravograd.si\/index.php\/wp-json\/wp\/v2\/pages\/5284\/revisions\/8747"}],"wp:attachment":[{"href":"https:\/\/www.os-dravograd.si\/index.php\/wp-json\/wp\/v2\/media?parent=5284"}],"curies":[{"name":"wp","href":"https:\/\/api.w.org\/{rel}","templated":true}]}}