{"id":6785,"date":"2024-05-30T11:09:38","date_gmt":"2024-05-30T09:09:38","guid":{"rendered":"https:\/\/www.os-dravograd.si\/?page_id=6785"},"modified":"2026-05-06T08:19:59","modified_gmt":"2026-05-06T06:19:59","slug":"obvezni-izbirni-predmeti","status":"publish","type":"page","link":"https:\/\/www.os-dravograd.si\/index.php\/obvezni-izbirni-predmeti\/","title":{"rendered":"OBVEZNI IZBIRNI PREDMETI"},"content":{"rendered":"\n<p><strong>Kaj so izbirni predmeti?<\/strong><br><br>Izbirni predmeti so na\u010din prilagajanja osnovne \u0161ole individualnim razlikam in interesom u\u010dencev. So prilo\u017enost, da u\u010denci ob lastni izbiri teh predmetov poudarijo in razvijajo svoje mo\u010dne strani in sposobnosti ter se pri njih doka\u017eejo. U\u010denci se lahko odlo\u010dajo za dolo\u010den izbirni predmet tudi z vidika nameravanega nadaljnjega \u0161olanja.<br><br>Izbirni predmeti so vklju\u010deni v predmetnik tretjega vzgojno-izobra\u017eevalnega obdobja, torej v 7., 8. in 9. razred. \u0160ola mora ponuditi pouk najmanj treh izbirnih predmetov iz dru\u017eboslovno-humanisti\u010dnega sklopa in najmanj treh iz naravoslovno-tehni\u010dnega sklopa. V okviru dru\u017eboslovno-humanisti\u010dnega sklopa mora \u0161ola ponuditi pouk tujega jezika, nekonfesionalni pouk o verstvih in etiki ter pouk retorike.<br><br><strong>Kaj u\u010denec izbira?<\/strong><br><br>U\u010denec izbere 2 uri izbirnih predmetov, lahko pa tudi 3, \u010de s tem sogla\u0161ajo njegovi star\u0161i.<br>U\u010denec ima mo\u017enost naslednje izbire in kombinacije:<br>&#8211; v primeru, da se u\u010denec odlo\u010di za dve uri tedensko, ima mo\u017enost, da izbere dva enourna predmeta ali enega, ki traja 2 uri (tuji jezik je edini izbirni predmet, ki traja dve uri tedensko);<br>&#8211; v primeru, da se v soglasju s star\u0161i odlo\u010di za tri ure tedensko, pa ima mo\u017enost izbire v naslednjih kombinacijah \u2013 3 predmete, \u010de so enourni, oz. 2 predmeta, \u010de je eden izmed predmetov dvourni in en enourni.<br><br><strong>Potek pouka izbirnih predmetov in ocenjevanje<\/strong><br><br>Pouk izbirnega predmeta je na urniku eno uro na teden, razen izbirnega tujega jezika, ki je na urniku dve uri na teden. Nekatere vsebine (npr. turisti\u010dna vzgoja) lahko te\u010dejo izjemoma tudi strnjeno izven rednega urnika (ogledi, izleti &#8230;). Obisk pouka izbirnih predmetov je obvezen, predmeti se ocenjujejo s \u0161tevil\u010dnimi ocenami od 1 do 5.<br>\u010ce je u\u010denec izbral dva izbirna predmeta, bosta ocenjena oba in obe oceni vpisani v spri\u010devalo. \u010ce je u\u010denec izbral tri predmete, bodo prav tako ocenjeni vsi trije, vse tri ocene bodo vpisane v spri\u010devalo. U\u010denec napreduje v naslednji razred le v primeru, da ima vse predmete, torej tudi izbirne, ocenjene s pozitivno oceno.<br><br><strong>Oprostitev sodelovanja pri izbirnih predmetih<\/strong><br><br>U\u010denec 7., 8. in 9. razreda, ki obiskuje glasbeno \u0161olo z javno veljavnim programom (v na\u0161em primeru je to Glasbena \u0161ola Ravne na Koro\u0161kem in Glasbena \u0161ola Radlje ob Dravi), je na predlog star\u0161ev lahko opro\u0161\u010den sodelovanja pri izbirnih predmetih. O oprostitvi odlo\u010di ravnatelj.<br><br>Star\u0161i posredujejo pisno vlogo, ki ji prilo\u017eijo potrdilo o vpisu v glasbeno \u0161olo. V vlogi se zapi\u0161e, ali \u017eelijo, da je u\u010denec opro\u0161\u010den pouka izbirnih predmetov v celoti ali le v eni uri tedensko. V primeru naknadnega vpisa v glasbeno \u0161olo star\u0161i posredujejo vlogo najkasneje do 31. avgusta.<br><\/p>\n\n\n\n<div class=\"wp-block-file\"><a href=\"https:\/\/www.os-dravograd.si\/wp-content\/uploads\/2024\/05\/Prosnja-za-oprostitev-sodelovanja-pri-IP.pdf\">Prosnja-za-oprostitev-sodelovanja-pri-IP<\/a><a href=\"https:\/\/www.os-dravograd.si\/wp-content\/uploads\/2024\/05\/Prosnja-za-oprostitev-sodelovanja-pri-IP.pdf\" class=\"wp-block-file__button\" download>Prenos<\/a><\/div>\n\n\n\n<p><strong>Zamenjava izbirnega predmeta<\/strong><\/p>\n\n\n\n<p>U\u010denci se v skupine izbirnih predmetov razvrstijo do za\u010detka novega \u0161olskega leta. V septembru &nbsp;lahko skupino \u0161e zamenjajo, vendar le pod pogojem, da je v skupini, kamor \u017eelijo, \u0161e prostor, &nbsp;da se urnik nove skupine sklada z urnikom u\u010denca, in da prestop ne pomeni ukinitve skupine izbirnega predmeta. Pro\u0161njo za spremembo izbirnega predmeta star\u0161i po\u0161ljejo Veroniki Karni\u010dnik.<br>Od oktobra dalje prestopi niso ve\u010d mo\u017eni.<br><\/p>\n\n\n\n<div class=\"wp-block-file\"><a href=\"https:\/\/www.os-dravograd.si\/wp-content\/uploads\/2026\/05\/Obvezni_izbirni_predmeti_2026_27-1.pdf\">Obvezni_izbirni_predmeti_2026_27<\/a><a href=\"https:\/\/www.os-dravograd.si\/wp-content\/uploads\/2026\/05\/Obvezni_izbirni_predmeti_2026_27-1.pdf\" class=\"wp-block-file__button\" download>Prenos<\/a><\/div>\n\n\n\n<div class=\"wp-block-file\"><a href=\"https:\/\/www.os-dravograd.si\/wp-content\/uploads\/2026\/05\/Obvezni_izbirni_predmeti_2026_27-POS_Ojstrica.pdf\">Obvezni_izbirni_predmeti_2026_27-POS_Ojstrica<\/a><a href=\"https:\/\/www.os-dravograd.si\/wp-content\/uploads\/2026\/05\/Obvezni_izbirni_predmeti_2026_27-POS_Ojstrica.pdf\" class=\"wp-block-file__button\" download>Prenos<\/a><\/div>\n\n\n\n<p><\/p>\n","protected":false},"excerpt":{"rendered":"<p>Kaj so izbirni predmeti? Izbirni predmeti so na\u010din prilagajanja osnovne \u0161ole individualnim razlikam in interesom u\u010dencev. So prilo\u017enost, da u\u010denci ob lastni izbiri teh predmetov poudarijo in razvijajo svoje mo\u010dne strani in sposobnosti ter se pri njih doka\u017eejo. U\u010denci se lahko odlo\u010dajo za dolo\u010den izbirni predmet tudi z vidika nameravanega nadaljnjega \u0161olanja. Izbirni predmeti so [&hellip;]<\/p>\n","protected":false},"author":1,"featured_media":0,"parent":0,"menu_order":0,"comment_status":"closed","ping_status":"closed","template":"","meta":{"ngg_post_thumbnail":0},"_links":{"self":[{"href":"https:\/\/www.os-dravograd.si\/index.php\/wp-json\/wp\/v2\/pages\/6785"}],"collection":[{"href":"https:\/\/www.os-dravograd.si\/index.php\/wp-json\/wp\/v2\/pages"}],"about":[{"href":"https:\/\/www.os-dravograd.si\/index.php\/wp-json\/wp\/v2\/types\/page"}],"author":[{"embeddable":true,"href":"https:\/\/www.os-dravograd.si\/index.php\/wp-json\/wp\/v2\/users\/1"}],"replies":[{"embeddable":true,"href":"https:\/\/www.os-dravograd.si\/index.php\/wp-json\/wp\/v2\/comments?post=6785"}],"version-history":[{"count":9,"href":"https:\/\/www.os-dravograd.si\/index.php\/wp-json\/wp\/v2\/pages\/6785\/revisions"}],"predecessor-version":[{"id":10917,"href":"https:\/\/www.os-dravograd.si\/index.php\/wp-json\/wp\/v2\/pages\/6785\/revisions\/10917"}],"wp:attachment":[{"href":"https:\/\/www.os-dravograd.si\/index.php\/wp-json\/wp\/v2\/media?parent=6785"}],"curies":[{"name":"wp","href":"https:\/\/api.w.org\/{rel}","templated":true}]}}