{"id":6787,"date":"2024-05-30T11:10:28","date_gmt":"2024-05-30T09:10:28","guid":{"rendered":"https:\/\/www.os-dravograd.si\/?page_id=6787"},"modified":"2024-05-30T11:17:30","modified_gmt":"2024-05-30T09:17:30","slug":"neobvezni-izbirni-predmeti","status":"publish","type":"page","link":"https:\/\/www.os-dravograd.si\/index.php\/neobvezni-izbirni-predmeti\/","title":{"rendered":"NEOBVEZNI IZBIRNI PREDMETI"},"content":{"rendered":"\n<p>V \u0161ol. letu 2024\/25 u\u010denci 4., 5. in 6. razreda\u00a0lahko\u00a0izberejo najve\u010d 2 uri neobveznih izbirnih\u00a0predmetov.\u00a0U\u010denci bodo\u010dega 4., 5. in 6. r. na na\u0161i \u0161oli izbirajo med slede\u010dimi predmeti: drugi tuj jezik-nem\u0161\u010dina, \u0161port, tehnika, ra\u010dunalni\u0161tvo in umetnost.<\/p>\n\n\n\n<ul><li>U\u010dna skupina za izvajanje neobveznega izbirnega predmeta se oblikuje za najmanj 12 u\u010dencev, v skupini pa je lahko najve\u010d 28 u\u010dencev, izjeme so kombinirani oddelki na podru\u017enicah.<\/li><li><em>V izbirnem postopku bomo v najve\u010dji mo\u017eni meri upo\u0161tevali \u017eelje u\u010dencev. \u010ce bo \u0161tevilo u\u010dencev za dolo\u010den predmet premajhno, bomo izbor uskladili z u\u010denci individualno.<\/em><\/li><li>Na za\u010detku \u0161olskega leta imajo u\u010denci en mesec \u010dasa za popravek svoje izbire. V tem primeru se lahko vklju\u010dijo v skupino, kjer je \u0161e prostor in je izbira usklajena z njihovim urnikom.<\/li><\/ul>\n\n\n\n<p>Neobvezni izbirni predmeti so\u00a0<u>neobvezni<\/u>, torej jih ni nujno izbrati.\u00a0<u>Ko pa se u\u010denec za<\/u>\u00a0<u>predmet odlo\u010di, ga mora obvezno obiskovati do konca \u0161olskega leta.<\/u>\u00a0Odsotnost u\u010denca od pouka tega predmeta so star\u0161i dol\u017eni opravi\u010diti tako kot obvezne ure.\u00a0Neobvezni izbirni predmeti\u00a0se ocenjujejo\u00a0in ocena se zapi\u0161e v spri\u010devalo.<\/p>\n\n\n\n<p>O izbiri bodo u\u010denci in star\u0161i pisno obve\u0161\u010deni pred koncem \u0161olskega leta.<\/p>\n\n\n\n<p>Seznam neobveznih izbirnih predmetov\u00a0<\/p>\n\n\n\n<div class=\"wp-block-file\"><a href=\"https:\/\/www.os-dravograd.si\/wp-content\/uploads\/2024\/05\/Neobvezni2024-25.pdf\">Neobvezni2024-25<\/a><a href=\"https:\/\/www.os-dravograd.si\/wp-content\/uploads\/2024\/05\/Neobvezni2024-25.pdf\" class=\"wp-block-file__button\" download>Prenos<\/a><\/div>\n","protected":false},"excerpt":{"rendered":"<p>V \u0161ol. letu 2024\/25 u\u010denci 4., 5. in 6. razreda\u00a0lahko\u00a0izberejo najve\u010d 2 uri neobveznih izbirnih\u00a0predmetov.\u00a0U\u010denci bodo\u010dega 4., 5. in 6. r. na na\u0161i \u0161oli izbirajo med slede\u010dimi predmeti: drugi tuj jezik-nem\u0161\u010dina, \u0161port, tehnika, ra\u010dunalni\u0161tvo in umetnost. U\u010dna skupina za izvajanje neobveznega izbirnega predmeta se oblikuje za najmanj 12 u\u010dencev, v skupini pa je lahko najve\u010d [&hellip;]<\/p>\n","protected":false},"author":1,"featured_media":0,"parent":0,"menu_order":0,"comment_status":"closed","ping_status":"closed","template":"","meta":{"ngg_post_thumbnail":0},"_links":{"self":[{"href":"https:\/\/www.os-dravograd.si\/index.php\/wp-json\/wp\/v2\/pages\/6787"}],"collection":[{"href":"https:\/\/www.os-dravograd.si\/index.php\/wp-json\/wp\/v2\/pages"}],"about":[{"href":"https:\/\/www.os-dravograd.si\/index.php\/wp-json\/wp\/v2\/types\/page"}],"author":[{"embeddable":true,"href":"https:\/\/www.os-dravograd.si\/index.php\/wp-json\/wp\/v2\/users\/1"}],"replies":[{"embeddable":true,"href":"https:\/\/www.os-dravograd.si\/index.php\/wp-json\/wp\/v2\/comments?post=6787"}],"version-history":[{"count":2,"href":"https:\/\/www.os-dravograd.si\/index.php\/wp-json\/wp\/v2\/pages\/6787\/revisions"}],"predecessor-version":[{"id":6796,"href":"https:\/\/www.os-dravograd.si\/index.php\/wp-json\/wp\/v2\/pages\/6787\/revisions\/6796"}],"wp:attachment":[{"href":"https:\/\/www.os-dravograd.si\/index.php\/wp-json\/wp\/v2\/media?parent=6787"}],"curies":[{"name":"wp","href":"https:\/\/api.w.org\/{rel}","templated":true}]}}