{"id":7206,"date":"2024-09-16T12:08:09","date_gmt":"2024-09-16T10:08:09","guid":{"rendered":"https:\/\/www.os-dravograd.si\/?page_id=7206"},"modified":"2025-01-15T14:57:42","modified_gmt":"2025-01-15T13:57:42","slug":"karierna-orientacija","status":"publish","type":"page","link":"https:\/\/www.os-dravograd.si\/index.php\/karierna-orientacija\/","title":{"rendered":"KARIERNA ORIENTACIJA"},"content":{"rendered":"\n<p><\/p>\n\n\n<p><strong>KARIERNA ORIENTACIJA V OSNOVNI \u0160OLI<\/strong><\/p>\n<p>Zelo pomembna odlo\u010ditev vsakega deveto\u0161olca je izbira srednje \u0161ole. Odvisna je od u\u010den\u010devih zna\u010dajskih lastnosti, interesov, sposobnosti, delovnih navad, u\u010dnega uspeha, podpore in pritiska star\u0161ev, vpliva prijateljev, medijev in drugih dejavnikov, na koncu pa tudi od karierne orientacije, ki se izvaja v okviru \u0161ole.<\/p>\n<p>U\u010dencem in star\u0161em pri odlo\u010danju, izbiri in vpisu v srednje \u0161ole radi nudimo pomo\u010d. Za morebitna vpra\u0161anja ali dileme pi\u0161ite na <a href=\"mailto:veronika.karnicnik@os-dravograd.si\">veronika.karnicnik@os-dravograd.si<\/a>, pokli\u010dite na 02\/8720855 ali pa se kar oglasite v \u0161olski svetovalni slu\u017ebi!<\/p>\n<p>Karierna orientacija v osnovni \u0161oli temelji na spodbujanju in podpori celostnega osebnostnega (kognitivnega, emocionalnega, vrednotnega) in socialnega razvoja u\u010denca (sodelovalne in komunikacijske ve\u0161\u010dine), ki mu v skladu z njegovimi razvojnimi zna\u010dilnostmi, zmo\u017enostmi, interesi in cilji omogo\u010da ozave\u0161\u010deno in kar se da avtonomno in odgovorno izbiro poklicne in izobra\u017eevalne poti oz. za\u010detek gradnje osebne kariere.<\/p>\n<p>Program karierne orientacije, ki se izvaja na na\u0161i \u0161oli, zajema:<\/p>\n<ul>\n<li>informiranje z literaturo, plakati, filmi;<\/li>\n<li>organizacijo delavnic na \u0161oli, kjer se predstavijo \u0161tevilne srednje \u0161ole;<\/li>\n<li>zbiranje podatkov o u\u010dencih za potrebe poklicnega svetovanja;<\/li>\n<li>izvedbo predavanj in delavnic za u\u010dence;<\/li>\n<li>individualno svetovanje za u\u010dence in star\u0161e;<\/li>\n<li>organizacija udele\u017ebe na &#8221;dnevih odprtih vrat&#8221; srednjih \u0161ol, kariernih sejmov\u2026;<\/li>\n<li>sodelovanje s srednjimi \u0161olami, podjetji, uradom za delo\u2026;<\/li>\n<li>pomo\u010d u\u010dencem pri izpolnjevanju prijavnic, preusmerjanju.<\/li>\n<\/ul>\n<p><strong>8. razred<\/strong><\/p>\n<p>Pomembnej\u0161e aktivnosti v posameznih mesecih, ki se bodo odvijale v 8. razredu:<\/p>\n<ul>\n<li>Roditeljski sestanek za star\u0161e \u2013 predstavitev poteka karierne orientacije<\/li>\n<li>RU \u2013 priprava na karierni sejem, poklicna vzgoja (u\u010dne navade, poklicni cilji, interesi, osebnostne lastnost), izpolnjevanje Vpra\u0161alnika o poklicni poti, evalvacija vpra\u0161alnika, odprta vpra\u0161anja<\/li>\n<li>Obisk Koro\u0161kega kariernega sejma v \u0160pic D Dravograd \u2013 predstavitev poklicev in podjetij na Koro\u0161kem<\/li>\n<li>Objava novosti na \u0161olski spletni strani in oglasni deski v \u0161oli<\/li>\n<li>Obisk Dneva odprtih vrat \u0160olskega centra Slovenj Gradec \u2013 predstavitev poklicev<\/li>\n<li>Po potrebi individualno svetovanje u\u010dencem<\/li>\n<\/ul>\n<p><strong>9. razred<\/strong><\/p>\n<p>Pomembnej\u0161e aktivnosti v posameznih mesecih, ki se bodo odvijale v 9. razredu:<\/p>\n<ul>\n<li>Roditeljski sestanek za star\u0161e \u2013 predstavitev poteka karierne orientacije<\/li>\n<li>RU \u2013 priprava na karierni sejem, seznanitev z Rokovnikom MZI\u0160, novosti pri NPZ, predstavitev srednje\u0161olskega sistema, predstavitev poklica vojaka in ostalih dejavnosti vojske (\u0161tipendije, poletni tabori), izpolnjevanje Vpra\u0161alnika o poklicni poti, poklicni nasveti, pregled razpisa za vpis v S\u0160, vtis informativnih dni, svetovanje ob odlo\u010danju, pregled prijavnic na srednje \u0161ole)<\/li>\n<li>Obisk Koro\u0161kega kariernega sejma v \u0160pic D Dravograd<\/li>\n<li>Objava novosti na \u0161olski spletni strani in oglasni deski v \u0161oli<\/li>\n<li>Predstavitve programov s strani Koro\u0161kih srednjih \u0161ol na na\u0161i \u0161oli<\/li>\n<li>Individualno svetovanje u\u010dencem in star\u0161em<\/li>\n<li>Individualna uporaba Vpra\u0161alnika kam in kako (po potrebi)<\/li>\n<li>Roditeljski sestanek za star\u0161e \u2013 vpis v srednje \u0161ole<\/li>\n<li>Informativni dnevi za u\u010dence<\/li>\n<li>Individualno svetovanje u\u010dencem in star\u0161em<\/li>\n<li>Prijava na srednje \u0161ole (razdelitev prijavnic, oddaja prijavnic)<\/li>\n<li>NPZ<\/li>\n<li>Obve\u0161\u010danje o omejitvah vpisa, morebitni prenosi<\/li>\n<li>Individualno svetovanje u\u010dencem o prenosu prijav<\/li>\n<li>Pomo\u010d star\u0161em pri prenosu prijav<\/li>\n<li>Analiza vpisa v srednje \u0161ole<\/li>\n<li>Informacije o \u0161tipendijah, pomo\u010d pri urejanju vlog za \u0161tipendije<\/li>\n<li>Individualno svetovanje u\u010dencem in star\u0161em ob drugem krogu vpisa (po popravnih izpitih)<\/li>\n<li>Sodelovanje s srednjimi \u0161olami za urejanje dokumentacije<\/li>\n<\/ul>\n<p><strong>Koristne povezave<\/strong><\/p>\n<p>Pri karierni orientaciji in odlo\u010danju so vam lahko v pomo\u010d naslednje koristne povezave:<\/p>\n<ul>\n<li>Pomembni datumi, povezani z vpisov v srednje \u0161ole, za \u0161olsko leto 2025\/2026 (povezava do PPT)<\/li>\n<li><a href=\"https:\/\/www.gov.si\/teme\/vpis-v-srednjo-solo\/\">https:\/\/www.gov.si\/teme\/vpis-v-srednjo-solo\/<\/a><\/li>\n<li>Razpis za vpis v programe ni\u017ejega, srednjega poklicnega in srednjega strokovnega izobra\u017eevanja ter gimnazij<\/li>\n<li>Razpis za sprejem u\u010dencev in dijakov v dija\u0161ke domove<\/li>\n<li>Rokovnik\u00a0<a href=\"https:\/\/www.gov.si\/assets\/ministrstva\/MVI\/Dokumenti\/Srednja-sola\/Rokovniki\/Rokovniki-2024-2025\/Rokovnik-za-prijavo-kandidatov-in-izvedbo-vpisa-v-1-letnik-programov-NPI-in-SPI-SSI-in-GIM-za-solsko-leto-2024-2025.pdf\">https:\/\/www.gov.si\/assets\/ministrstva\/MVI\/Dokumenti\/Srednja-sola\/Rokovniki\/Rokovniki-2024-2025\/Rokovnik-za-prijavo-kandidatov-in-izvedbo-vpisa-v-1-letnik-programov-NPI-in-SPI-SSI-in-GIM-za-solsko-leto-2024-2025.pdf<\/a><\/li>\n<li>Merila za izbiro kandidatov v primeru omejitve vpisa v programe srednjega poklicnega izobra\u017eevanja, srednjega strokovnega in tehni\u0161kega izobra\u017eevanja ter gimnazij\u00a0<\/li>\n<li>Pravilnik o vpisu v srednje \u0161ole <a href=\"http:\/\/www.pisrs.si\/Pis.web\/pregledPredpisa?id=PRAV13435\">http:\/\/www.pisrs.si\/Pis.web\/pregledPredpisa?id=PRAV13435<\/a><\/li>\n<li><a href=\"http:\/\/www.mojaizbira.si\">http:\/\/www.mojaizbira.si<\/a><\/li>\n<li><a href=\"http:\/\/www.ess.gov.si\/ncips\/cips\/opisi_poklicev\">http:\/\/www.ess.gov.si\/ncips\/cips\/opisi_poklicev<\/a><\/li>\n<li><a href=\"https:\/\/esvetovanje.ess.gov.si\/\">https:\/\/esvetovanje.ess.gov.si\/<\/a><\/li>\n<li><a href=\"https:\/\/karierniplac.si\/\">https:\/\/karierniplac.si\/<\/a><\/li>\n<li><a href=\"http:\/\/www.cpi.si\/\">http:\/\/www.cpi.si\/<\/a><\/li>\n<li><a href=\"http:\/\/www.mestomladih.si\/\">http:\/\/www.mestomladih.si\/<\/a><\/li>\n<li><a href=\"http:\/\/www.dijaski.net\/srednje-sole\/iskalnik-srednjesolskih-programov.html\">http:\/\/www.dijaski.net\/srednje-sole\/iskalnik-srednjesolskih-programov.html<\/a><\/li>\n<li>KORO\u0160KE SREDNJE \u0160OLE \u2013 informacije o informativnih dnevih in poteku vpisa v srednjo \u0161olo <br \/>-Srednja \u0161ola Slovenj Gradec in Muta <a href=\"https:\/\/www.sssgm.sc-sg.si\/\">https:\/\/www.sssgm.sc-sg.si\/<\/a><br \/>-Srednja \u0161ola Ravne <a href=\"https:\/\/www.srednjasolaravne.si\/\">https:\/\/www.srednjasolaravne.si\/<\/a><br \/>-Gimnazija Slovenj Gradec <a href=\"https:\/\/www.gim.sc-sg.si\/\">https:\/\/www.gim.sc-sg.si\/<\/a><br \/>-Gimnazija Ravne na Koro\u0161kem <a href=\"https:\/\/www.gimnazija-ravne.si\/\">https:\/\/www.gimnazija-ravne.si\/<\/a><br \/>-Zdravstvena \u0161ola Slovenj Gradec <a href=\"https:\/\/www.szs.sc-sg.si\/\">https:\/\/www.szs.sc-sg.si\/<\/a><\/li>\n<li>Seznam svetovalnih delavcev osnovnih in srednjih \u0161ol (link)<\/li>\n<\/ul>\n<p><strong>\u0160tipendije<\/strong><\/p>\n<p>Na portalu GOV.SI (link do \u0161tipendij <a href=\"https:\/\/www.gov.si\/podrocja\/izobrazevanje-znanost-in-sport\/stipendije\/\">https:\/\/www.gov.si\/podrocja\/izobrazevanje-znanost-in-sport\/stipendije\/<\/a> ) boste na\u0161li vse potrebne informacije o dr\u017eavnih, Zoisovih in kadrovskih \u0161tipendijah ter \u0161tipendijah za deficitarne poklice in Ad Futura.<\/p>\n<p><a href=\"https:\/\/www.uradni-list.si\/glasilo-uradni-list-rs\/vsebina?urlid=201356&amp;stevilka=2139\">Zakon o \u0161tipendiranju<\/a><\/p>\n<p><strong>Omejitev vpisa<\/strong><\/p>\n<p>Koliko to\u010dk bo potrebnih za vpis na \u017eeleno srednjo \u0161olo z omejitvijo je znano \u0161ele takrat, ko bodo \u0161ole prejele vse prijavnice u\u010dencev in ko bodo znani rezultati NPZ. Izra\u010dun to\u010dk lahko opravite s pomo\u010djo Excel tabele (povezava do tabele). Nato pa sledite spodnji formuli, kjer si lahko pribli\u017eno u\u010denec prera\u010duna kon\u010dni procent\/ to\u010dke glede na svoja predvidevanja.\u00a0<\/p>\n<p>\u00a0<\/p>\n<p>Ko poznate oz. predvidite u\u010den\u010dev se\u0161tevek procentov (to\u010dk), jih nato primerjate z omejitvijo vpisa na izbrano \u0161olo. Omejitve vpisa v prej\u0161njih letih si lahko pogledate na spletni strani <a href=\"https:\/\/dijaski.net\/srednje-sole\/srednje-sole-v-sloveniji#R7\">dijaski.net<\/a>, kjer je zabele\u017eeno \u0161tevilo razpisanih mest ter \u0161tevilo prijav v predhodnih letih na dolo\u010denem programu. V leto\u0161njem letu je pri\u0161lo do <strong>NOVOSTI<\/strong> o merilih za izbiro kandidatov na srednjih \u0161olah z omejitvijo vpisa, o katerih si lahko preberete natan\u010dneje v <a href=\"https:\/\/pisrs.si\/pregledPredpisa?id=SKLE13777\">Odredbi o merilih za izbiro kandidatov v primeru omejitve vpisa v programe srednjega poklicnega izobra\u017eevanja, srednjega strokovnega izobra\u017eevanja ter gimnazij.<\/a><\/p>\n<p><strong>Vloga star\u0161ev pri karierni orientaciji mladostnika<\/strong><\/p>\n<p>Vsak otrok ima edinstven nabor spretnosti in sposobnosti, te pa se lahko razlikujejo od spretnosti in sposobnosti, ki jih imajo njegovi star\u0161i. Najve\u010djega pomena je podpora tekom celotnega postopka. Mladostnikom koristijo iskreni pogovori o njihovih mo\u017enostih glede \u0161olanja oziroma izbire poklica. Naloga star\u0161ev je, da otroku pomagajo pri postavitvi realnih ciljev, ki so povezani tudi z otrokovimi sposobnostmi. Cilji naj <strong>ne temeljijo na fantazijah mladostnika.<\/strong><\/p>\n<p>Mladostnika opomnimo, da je njegova karierna pot mo\u010dno povezana z njegovimi <strong>interesi, spretnostmi in vrednotami<\/strong>. Pomembno je torej, mu pomagate spoznavati samega sebe in ga spodbujate pri odkrivanju razse\u017enosti njegove osebnosti. To lahko storite tudi preko uporabe smiselnih vpra\u0161anj, ki bodo spodbudila razmislek.<\/p>\n<p>Pri pogovoru uporabljajte vpra\u0161anja, kot so:<\/p>\n<ul>\n<li>Kaj te zanima?<\/li>\n<li>Kaj rad po\u010dne\u0161?<\/li>\n<li>Kateri \u0161olski predmeti so ti najbolj v\u0161e\u010d?<\/li>\n<li>Kaj ti daje energijo, voljo?<\/li>\n<li>Kateri poklici te veselijo?<\/li>\n<li>Kaj si \u017eeli\u0161 od \u017eivljenja?<\/li>\n<li>Katere so tvoje pozitivne lastnosti?<\/li>\n<li>Katera podro\u010dja mora\u0161 pri sebi \u0161e okrepiti?<\/li>\n<\/ul>\n<p>Vpis na srednjo \u0161olo je zelo pomembna prelomnica, a odlo\u010ditve lahko sprejemamo le na podlagi tega, kar v danem trenutku vemo o sebi. Mladostniki se zato pogosto <strong>znajdejo v stiski<\/strong>, kadar niso popolnoma prepri\u010dani kaj si \u017eelijo po\u010deti v \u017eivljenju. Kot star\u0161i jim zato moramo nuditi razbremenitev in potrditev, da <strong>je v redu, \u010de \u0161e niso prepri\u010dani, kaj \u017eelijo po\u010deti<\/strong> \u2013 vse dokler o svoji prihodnosti razmi\u0161ljajo in aktivno raziskujejo dane mo\u017enosti.<\/p>\n<p>Otroku pojasnimo, da gre v \u017eivljenju za <strong>odkrivanje samega sebe ter razvijanje novih spretnosti<\/strong> in talentov. Odlo\u010ditev za dolo\u010deno \u0161olo oziroma poklic ne pomeni, da bo u\u010denja konec oziroma, da je na\u0161a karierna pot zape\u010datena. Mnogi izmed nas namre\u010d opravljamo drug poklic, kot tistega, za katerega smo pri 15ih letih mislili, da ga bomo opravljali.<\/p>\n<p>Pomembno je tudi spodbujanje dobrih <strong>u\u010dnih navad<\/strong>, pomo\u010d pri odkrivanju razli\u010dnih <strong>strategij u\u010denja, spodbujanje samoiniciative in krepitev notranje motivacije mladostnika<\/strong>. V kolikor bo mladostnik odkril strategije u\u010denja, ki mu ustrezajo, bo u\u010denje zanj la\u017eje. Prav tako bo v tem primeru iskanje novega znanja in informacij prihajalo iz mladostnikove lastne \u017eelje po osebnem razvoju, ne pa zaradi pri\u010dakovanja zunanjih posledic \u2013 na primer strah pred slabo oceno.<\/p>\n<p>NE \u017eelimo si, da otrok sprejme karierne odlo\u010ditve zgolj na podlagi tega, kaj okolica od njega pri\u010dakuje. Ne dovolite, da bi va\u0161 otrok postal <strong>\u017ertev pritiska<\/strong> vrstnikov, sorodnikov, znancev in na koncu tudi vas samih.<\/p>\n<p>V pomo\u010d vam je lahko priro\u010dnik za star\u0161e <a href=\"https:\/\/www.os-dravograd.si\/wp-content\/uploads\/2025\/01\/Kako-pomagati-otroku-pri-sprejemanju-kariernih-odlocitev.pdf\">Kako pomagati otroku pri sprejemanju kariernih odlo\u010ditev<\/a>.<\/p>\n<p><em>Veronika Karni\u010dnik, \u0161olska svetovalna delavka<\/em><\/p>","protected":false},"excerpt":{"rendered":"<p>KARIERNA ORIENTACIJA V OSNOVNI \u0160OLI Zelo pomembna odlo\u010ditev vsakega deveto\u0161olca je izbira srednje \u0161ole. Odvisna je od u\u010den\u010devih zna\u010dajskih lastnosti, interesov, sposobnosti, delovnih navad, u\u010dnega uspeha, podpore in pritiska star\u0161ev, vpliva prijateljev, medijev in drugih dejavnikov, na koncu pa tudi od karierne orientacije, ki se izvaja v okviru \u0161ole. U\u010dencem in star\u0161em pri odlo\u010danju, izbiri [&hellip;]<\/p>\n","protected":false},"author":3,"featured_media":0,"parent":0,"menu_order":0,"comment_status":"closed","ping_status":"closed","template":"","meta":{"ngg_post_thumbnail":0},"_links":{"self":[{"href":"https:\/\/www.os-dravograd.si\/index.php\/wp-json\/wp\/v2\/pages\/7206"}],"collection":[{"href":"https:\/\/www.os-dravograd.si\/index.php\/wp-json\/wp\/v2\/pages"}],"about":[{"href":"https:\/\/www.os-dravograd.si\/index.php\/wp-json\/wp\/v2\/types\/page"}],"author":[{"embeddable":true,"href":"https:\/\/www.os-dravograd.si\/index.php\/wp-json\/wp\/v2\/users\/3"}],"replies":[{"embeddable":true,"href":"https:\/\/www.os-dravograd.si\/index.php\/wp-json\/wp\/v2\/comments?post=7206"}],"version-history":[{"count":4,"href":"https:\/\/www.os-dravograd.si\/index.php\/wp-json\/wp\/v2\/pages\/7206\/revisions"}],"predecessor-version":[{"id":7871,"href":"https:\/\/www.os-dravograd.si\/index.php\/wp-json\/wp\/v2\/pages\/7206\/revisions\/7871"}],"wp:attachment":[{"href":"https:\/\/www.os-dravograd.si\/index.php\/wp-json\/wp\/v2\/media?parent=7206"}],"curies":[{"name":"wp","href":"https:\/\/api.w.org\/{rel}","templated":true}]}}