{"id":9228,"date":"2025-09-03T12:51:08","date_gmt":"2025-09-03T10:51:08","guid":{"rendered":"https:\/\/www.os-dravograd.si\/?page_id=9228"},"modified":"2025-09-03T12:56:45","modified_gmt":"2025-09-03T10:56:45","slug":"bralna_znacka","status":"publish","type":"page","link":"https:\/\/www.os-dravograd.si\/index.php\/bralna_znacka\/","title":{"rendered":"BRALNA ZNA\u010cKA"},"content":{"rendered":"\n<p>Branje za bralno zna\u010dko je vsesplo\u0161no slovensko kulturno gibanje in prostovoljna dejavnost, ki u\u010dence spodbuja k branju in dviga njihovo bralno kulturo. Osnovni cilj branja za bralno zna\u010dko je vzgojiti bralca, ki bo rad bral vse \u017eivljenje.&nbsp;Z branjem za\u010dnemo 17. septembra na dan zlatih knjig in zaklju\u010dimo 23. aprila na&nbsp; svetovni dan knjige. U\u010dencem so na voljo priporo\u010dilni seznami.<\/p>\n\n\n\n<div class=\"wp-block-file\"><a href=\"https:\/\/www.os-dravograd.si\/wp-content\/uploads\/2025\/09\/1.-RAZRED.pdf\">1.-RAZRED<\/a><a href=\"https:\/\/www.os-dravograd.si\/wp-content\/uploads\/2025\/09\/1.-RAZRED.pdf\" class=\"wp-block-file__button\" download>Prenos<\/a><\/div>\n\n\n\n<div class=\"wp-block-file\"><a href=\"https:\/\/www.os-dravograd.si\/wp-content\/uploads\/2025\/09\/2.-RAZRED.pdf\">2.-RAZRED<\/a><a href=\"https:\/\/www.os-dravograd.si\/wp-content\/uploads\/2025\/09\/2.-RAZRED.pdf\" class=\"wp-block-file__button\" download>Prenos<\/a><\/div>\n\n\n\n<div class=\"wp-block-file\"><a href=\"https:\/\/www.os-dravograd.si\/wp-content\/uploads\/2025\/09\/3.-RAZRED.pdf\">3.-RAZRED<\/a><a href=\"https:\/\/www.os-dravograd.si\/wp-content\/uploads\/2025\/09\/3.-RAZRED.pdf\" class=\"wp-block-file__button\" download>Prenos<\/a><\/div>\n\n\n\n<div class=\"wp-block-file\"><a href=\"https:\/\/www.os-dravograd.si\/wp-content\/uploads\/2025\/09\/4.-RAZRED.pdf\">4.-RAZRED<\/a><a href=\"https:\/\/www.os-dravograd.si\/wp-content\/uploads\/2025\/09\/4.-RAZRED.pdf\" class=\"wp-block-file__button\" download>Prenos<\/a><\/div>\n\n\n\n<div class=\"wp-block-file\"><a href=\"https:\/\/www.os-dravograd.si\/wp-content\/uploads\/2025\/09\/5.-RAZRED.pdf\">5.-RAZRED<\/a><a href=\"https:\/\/www.os-dravograd.si\/wp-content\/uploads\/2025\/09\/5.-RAZRED.pdf\" class=\"wp-block-file__button\" download>Prenos<\/a><\/div>\n\n\n\n<div class=\"wp-block-file\"><a href=\"https:\/\/www.os-dravograd.si\/wp-content\/uploads\/2025\/09\/6.-RAZRED.pdf\">6.-RAZRED<\/a><a href=\"https:\/\/www.os-dravograd.si\/wp-content\/uploads\/2025\/09\/6.-RAZRED.pdf\" class=\"wp-block-file__button\" download>Prenos<\/a><\/div>\n\n\n\n<div class=\"wp-block-file\"><a href=\"https:\/\/www.os-dravograd.si\/wp-content\/uploads\/2025\/09\/7.-RAZRED.pdf\">7.-RAZRED<\/a><a href=\"https:\/\/www.os-dravograd.si\/wp-content\/uploads\/2025\/09\/7.-RAZRED.pdf\" class=\"wp-block-file__button\" download>Prenos<\/a><\/div>\n\n\n\n<div class=\"wp-block-file\"><a href=\"https:\/\/www.os-dravograd.si\/wp-content\/uploads\/2025\/09\/8.-RAZRED.pdf\">8.-RAZRED<\/a><a href=\"https:\/\/www.os-dravograd.si\/wp-content\/uploads\/2025\/09\/8.-RAZRED.pdf\" class=\"wp-block-file__button\" download>Prenos<\/a><\/div>\n\n\n\n<div class=\"wp-block-file\"><a href=\"https:\/\/www.os-dravograd.si\/wp-content\/uploads\/2025\/09\/9.-RAZRED.pdf\">9.-RAZRED<\/a><a href=\"https:\/\/www.os-dravograd.si\/wp-content\/uploads\/2025\/09\/9.-RAZRED.pdf\" class=\"wp-block-file__button\" download>Prenos<\/a><\/div>\n","protected":false},"excerpt":{"rendered":"<p>Branje za bralno zna\u010dko je vsesplo\u0161no slovensko kulturno gibanje in prostovoljna dejavnost, ki u\u010dence spodbuja k branju in dviga njihovo bralno kulturo. Osnovni cilj branja za bralno zna\u010dko je vzgojiti bralca, ki bo rad bral vse \u017eivljenje.&nbsp;Z branjem za\u010dnemo 17. septembra na dan zlatih knjig in zaklju\u010dimo 23. aprila na&nbsp; svetovni dan knjige. U\u010dencem so [&hellip;]<\/p>\n","protected":false},"author":1,"featured_media":0,"parent":0,"menu_order":0,"comment_status":"closed","ping_status":"closed","template":"","meta":{"ngg_post_thumbnail":0},"_links":{"self":[{"href":"https:\/\/www.os-dravograd.si\/index.php\/wp-json\/wp\/v2\/pages\/9228"}],"collection":[{"href":"https:\/\/www.os-dravograd.si\/index.php\/wp-json\/wp\/v2\/pages"}],"about":[{"href":"https:\/\/www.os-dravograd.si\/index.php\/wp-json\/wp\/v2\/types\/page"}],"author":[{"embeddable":true,"href":"https:\/\/www.os-dravograd.si\/index.php\/wp-json\/wp\/v2\/users\/1"}],"replies":[{"embeddable":true,"href":"https:\/\/www.os-dravograd.si\/index.php\/wp-json\/wp\/v2\/comments?post=9228"}],"version-history":[{"count":2,"href":"https:\/\/www.os-dravograd.si\/index.php\/wp-json\/wp\/v2\/pages\/9228\/revisions"}],"predecessor-version":[{"id":9240,"href":"https:\/\/www.os-dravograd.si\/index.php\/wp-json\/wp\/v2\/pages\/9228\/revisions\/9240"}],"wp:attachment":[{"href":"https:\/\/www.os-dravograd.si\/index.php\/wp-json\/wp\/v2\/media?parent=9228"}],"curies":[{"name":"wp","href":"https:\/\/api.w.org\/{rel}","templated":true}]}}