{"id":9759,"date":"2025-11-14T08:05:08","date_gmt":"2025-11-14T07:05:08","guid":{"rendered":"https:\/\/www.os-dravograd.si\/?page_id=9759"},"modified":"2026-04-23T09:38:54","modified_gmt":"2026-04-23T07:38:54","slug":"solska-shema","status":"publish","type":"page","link":"https:\/\/www.os-dravograd.si\/index.php\/solska-shema\/","title":{"rendered":"\u0160OLSKA SHEMA"},"content":{"rendered":"<h2><strong>\u0160OLSKA SHEMA<\/strong><\/h2>\n<p><img loading=\"lazy\" class=\"alignnone size-full wp-image-10890\" src=\"https:\/\/www.os-dravograd.si\/wp-content\/uploads\/2026\/04\/solsko_sadje_logotip_plus_eu-300x111-1.png\" alt=\"\" width=\"300\" height=\"111\" srcset=\"https:\/\/www.os-dravograd.si\/wp-content\/uploads\/2026\/04\/solsko_sadje_logotip_plus_eu-300x111-1.png 300w, https:\/\/www.os-dravograd.si\/wp-content\/uploads\/2026\/04\/solsko_sadje_logotip_plus_eu-300x111-1-200x74.png 200w\" sizes=\"(max-width: 300px) 100vw, 300px\" \/><\/p>\n<p>\u0160olska shema je ukrep skupne kmetijske politike EU, ki otrokom v osnovni \u0161oli in zavodih za vzgojo in izobra\u017eevanje otrok in mladostnikov s posebnimi potrebami zagotavlja brezpla\u010den dodatni obrok sadja in zelenjave ter mleka in mle\u010dnih izdelkov.<\/p>\n<p>Obvezni spremljevalni izobra\u017eevalni ukrepi povezujejo otroke s kmetijstvom in spodbujajo zdravo prehranjevanje.<\/p>\n<p>\u0160olska shema se izvaja od 1. 8. 2017 in zdru\u017euje prej\u0161nji shemi \u0161olskega sadja in zelenjave ter shemo \u0161olskega mleka v enotno shemo.<\/p>\n<p>Glavni element \u0161olske sheme je razdeljevanje dodatnega brezpla\u010dnega obroka sadja in zelenjave oz. mleka in mle\u010dnih izdelkov otrokom v izobra\u017eevalnih ustanovah.<\/p>\n<p>Ostali elementi \u0161olske sheme so spremljevalni izobra\u017eevalni ukrepi, spremljanje, vrednotenje u\u010dinkov in obve\u0161\u010danje javnosti.<\/p>\n<p>Namen \u0161olske sheme je pove\u010dati u\u017eivanje sadja in zelenjave ter mleka in mle\u010dnih proizvodov pri otrocih s poudarkom na lokalni pridelavi ter izbolj\u0161ati prehranske navade otrok.<\/p>\n<p>Prehranske navade se oblikujejo v otro\u0161tvu, vzgojno-izobra\u017eevalne ustanove, kjer se izvaja ta shema, pa imajo pri tem velik pomen.<\/p>\n<p>\u0160olska shema naj bi pripomogla k ustavitvi nara\u0161\u010danja pojava prekomerne te\u017ee in debelosti pri otrocih, ki sta eden od ve\u010djih dejavnikov tveganja za bolezni sodobnega \u010dasa.<\/p>\n<p>Na\u0161a \u0161ola tudi v leto\u0161njem \u0161olskem 2025\/ 2026 izvaja shemo \u0161olskega sadja in zelenjave.<\/p>\n<p>U\u010dencem bomo skozi celo \u0161olsko leto kot dodaten brezpla\u010dni obrok ponudili sadje in zelenjavo.<\/p>\n<p>Na jedilniku bo ta dodatek posebno zabele\u017een, saj ni redni del \u0161olskih obrokov \u2013 <strong>\u0160S.<\/strong><\/p>\n<p><strong>\u0160olsko shemo ponujamo vsako sredo po 10 uri za u\u010dence od 1. do 3. razreda, po 11 uri pa za u\u010dence od 5. do 9. razreda.<\/strong><\/p>\n<p>Tudi star\u0161e pozivamo, naj pri otrocih vzpodbujajo u\u017eivanje sadja in zelenjave ter na tak na\u010din pomagajo pri uspe\u0161nosti projekta.<\/p>\n<p>O pomenu zdravega prehranjevanja pa bomo spregovorili tudi na oddel\u010dnih in roditeljskih sestankih, razrednih urah in dnevih dejavnosti.<\/p>\n<p><strong>Na\u010drt spremljevalnih ukrepov in promocija \u0160olske sheme<\/strong><\/p>\n<ul>\n<li>Predstavitev \u0160olske sheme na razrednih urah, roditeljskih sestankih, spletni strani \u0161ole, pedago\u0161kih konferencah.<\/li>\n<li>Ureditev in vzdr\u017eevanje \u0161olskega vrta.<\/li>\n<li>Povezanost vsebin s konceptom Zdrava \u0161ola.<\/li>\n<li>Vklju\u010ditev vsebin sadja \/ zelenjave, mleka in mle\u010dnih proizvodov v koncept medpredmetne povezave.<\/li>\n<li>Obele\u017eitev Svetovnega dneva hrane 16. 10. 2025.<\/li>\n<li>Povezanost s Tednom slovenske hrane in projektom Tradicionalni slovenski zajtrk.<\/li>\n<li>Povezanost vsebin z u\u010dnimi vsebinami pri predmetu gospodinjstvo.<\/li>\n<li>Obisk kmetije Klan\u010dnik.<\/li>\n<li>Vrednotenje u\u010dinkovitosti projekta \u2013 koordinator, u\u010denci.<\/li>\n<li>Izdelava plakatov, risb na temo sadja in zelenjave.<\/li>\n<li>Predavanja o zdravem prehranjevanju v povezavi s smernicami prehranjevanja v O\u0160.<\/li>\n<li>Povezanost z Dnevom zdravja v mesecu aprilu.<\/li>\n<\/ul>\n<p>Organizatorka \u0161olske prehrane &#8211; koordinatorka<\/p>\n<p>Elizabet Negovec Kopmajer<\/p>\n\n\n<div class=\"wp-block-file\"><a href=\"https:\/\/www.os-dravograd.si\/wp-content\/uploads\/2025\/11\/smerniceVIZ_A4_NIJZ_infografika.pdf\">smerniceVIZ_A4_NIJZ_infografika<\/a><a href=\"https:\/\/www.os-dravograd.si\/wp-content\/uploads\/2025\/11\/smerniceVIZ_A4_NIJZ_infografika.pdf\" class=\"wp-block-file__button\" download>Prenos<\/a><\/div>\n","protected":false},"excerpt":{"rendered":"<p>\u0160OLSKA SHEMA \u0160olska shema je ukrep skupne kmetijske politike EU, ki otrokom v osnovni \u0161oli in zavodih za vzgojo in izobra\u017eevanje otrok in mladostnikov s posebnimi potrebami zagotavlja brezpla\u010den dodatni obrok sadja in zelenjave ter mleka in mle\u010dnih izdelkov. Obvezni spremljevalni izobra\u017eevalni ukrepi povezujejo otroke s kmetijstvom in spodbujajo zdravo prehranjevanje. \u0160olska shema se izvaja [&hellip;]<\/p>\n","protected":false},"author":1,"featured_media":0,"parent":0,"menu_order":0,"comment_status":"closed","ping_status":"closed","template":"","meta":{"ngg_post_thumbnail":0},"_links":{"self":[{"href":"https:\/\/www.os-dravograd.si\/index.php\/wp-json\/wp\/v2\/pages\/9759"}],"collection":[{"href":"https:\/\/www.os-dravograd.si\/index.php\/wp-json\/wp\/v2\/pages"}],"about":[{"href":"https:\/\/www.os-dravograd.si\/index.php\/wp-json\/wp\/v2\/types\/page"}],"author":[{"embeddable":true,"href":"https:\/\/www.os-dravograd.si\/index.php\/wp-json\/wp\/v2\/users\/1"}],"replies":[{"embeddable":true,"href":"https:\/\/www.os-dravograd.si\/index.php\/wp-json\/wp\/v2\/comments?post=9759"}],"version-history":[{"count":5,"href":"https:\/\/www.os-dravograd.si\/index.php\/wp-json\/wp\/v2\/pages\/9759\/revisions"}],"predecessor-version":[{"id":10898,"href":"https:\/\/www.os-dravograd.si\/index.php\/wp-json\/wp\/v2\/pages\/9759\/revisions\/10898"}],"wp:attachment":[{"href":"https:\/\/www.os-dravograd.si\/index.php\/wp-json\/wp\/v2\/media?parent=9759"}],"curies":[{"name":"wp","href":"https:\/\/api.w.org\/{rel}","templated":true}]}}